{"id":11694,"date":"2024-09-04T09:58:22","date_gmt":"2024-09-04T09:58:22","guid":{"rendered":"https:\/\/www.polskismak.nl\/?post_type=product&#038;p=11694"},"modified":"2025-11-12T15:00:48","modified_gmt":"2025-11-12T15:00:48","slug":"jezyki-advocat","status":"publish","type":"product","link":"https:\/\/www.polskismak.nl\/index.php\/product\/jezyki-advocat\/","title":{"rendered":"Je\u017cyki Advocat"},"content":{"rendered":"<p>Sk\u0142adniki: czekolada mleczna 35,5% (cukier, t\u0142uszcz kakaowy, mleko pe\u0142ne w proszku, miazga kakaowa, t\u0142uszcze ro\u015blinne: palmowy, shea w zmiennych proporcjach; serwatka w proszku (z mleka), emulgatory: lecytyny (z soi) i E 476, aromat), m\u0105ka pszenna, cukier, syrop cukru inwertowanego, syrop glukozowy, t\u0142uszcz palmowy, mleko pe\u0142ne w proszku, chrupki ry\u017cowe 4,8% (m\u0105ka ry\u017cowa, pszenna i kukurydziana, cukier, koncentrat s\u0142odu j\u0119czmiennego, s\u00f3l), orzechy laskowe (2,3%), mas\u0142o (z mleka), substancja utrzymuj\u0105ca wilgo\u0107: syrop sorbitolowy), spirytus (0,9%), skrobia, ekstrakt s\u0142odowy (z j\u0119czmienia), serwatka w proszku (z mleka), s\u00f3l, emulgatory: lecytyny (z soi) i E471, substancje spulchniaj\u0105ce: E 503, E 500, E 450; aromaty. <\/p>\n<p>Mo\u017ce zawiera\u0107 orzeszki arachidowe, inne orzechy i jaja.<\/p>\n","protected":false},"excerpt":{"rendered":"<p>Sk\u0142adniki: czekolada mleczna 35,5% (cukier, t\u0142uszcz kakaowy, mleko pe\u0142ne w proszku, miazga kakaowa, t\u0142uszcze ro\u015blinne: palmowy, shea w zmiennych proporcjach; serwatka w proszku (z mleka), emulgatory: lecytyny (z soi) i E 476, aromat), m\u0105ka pszenna, cukier, syrop cukru inwertowanego, syrop glukozowy, t\u0142uszcz palmowy, mleko pe\u0142ne w proszku, chrupki ry\u017cowe 4,8% (m\u0105ka ry\u017cowa, pszenna i kukurydziana, [&hellip;]<\/p>\n","protected":false},"featured_media":11488,"template":"","meta":[],"product_brand":[],"product_cat":[104,103],"product_tag":[],"class_list":{"0":"post-11694","1":"product","2":"type-product","3":"status-publish","4":"has-post-thumbnail","6":"product_cat-ciastka-i-pierniki","7":"product_cat-slodycze-i-przekaski","9":"first","10":"onbackorder","11":"taxable","12":"shipping-taxable","13":"purchasable","14":"product-type-simple"},"_links":{"self":[{"href":"https:\/\/www.polskismak.nl\/index.php\/wp-json\/wp\/v2\/product\/11694","targetHints":{"allow":["GET"]}}],"collection":[{"href":"https:\/\/www.polskismak.nl\/index.php\/wp-json\/wp\/v2\/product"}],"about":[{"href":"https:\/\/www.polskismak.nl\/index.php\/wp-json\/wp\/v2\/types\/product"}],"wp:featuredmedia":[{"embeddable":true,"href":"https:\/\/www.polskismak.nl\/index.php\/wp-json\/wp\/v2\/media\/11488"}],"wp:attachment":[{"href":"https:\/\/www.polskismak.nl\/index.php\/wp-json\/wp\/v2\/media?parent=11694"}],"wp:term":[{"taxonomy":"product_brand","embeddable":true,"href":"https:\/\/www.polskismak.nl\/index.php\/wp-json\/wp\/v2\/product_brand?post=11694"},{"taxonomy":"product_cat","embeddable":true,"href":"https:\/\/www.polskismak.nl\/index.php\/wp-json\/wp\/v2\/product_cat?post=11694"},{"taxonomy":"product_tag","embeddable":true,"href":"https:\/\/www.polskismak.nl\/index.php\/wp-json\/wp\/v2\/product_tag?post=11694"}],"curies":[{"name":"wp","href":"https:\/\/api.w.org\/{rel}","templated":true}]}}