{"id":11708,"date":"2024-09-04T10:16:51","date_gmt":"2024-09-04T10:16:51","guid":{"rendered":"https:\/\/www.polskismak.nl\/?post_type=product&#038;p=11708"},"modified":"2025-11-12T14:59:31","modified_gmt":"2025-11-12T14:59:31","slug":"trufle","status":"publish","type":"product","link":"https:\/\/www.polskismak.nl\/index.php\/product\/trufle\/","title":{"rendered":"Trufle"},"content":{"rendered":"<p>Sk\u0142adniki:<br \/>\ncukier, czekolada 16,6 % [cukier, miazga kakaowa, t\u0142uszcz kakaowy, t\u0142uszcz ro\u015blinny (shea), emulgator: lecytyny], serwatka w proszku (z mleka), kakao o obni\u017conej zawarto\u015bci t\u0142uszczu 7,5 %, syrop glukozowy, t\u0142uszcz ro\u015blinny (palmowy, kokosowy), \u015bmietanka kremowa (z mleka), orzeszki arachidowe, mleko zag\u0119szczone s\u0142odzone (mleko, cukier), mleko w proszku pe\u0142ne, spirytus, emulgator: lecytyny, substancja utrzymuj\u0105ca wilgo\u0107: inwertaza, aromat naturalny, nasiona sezamu, wafle [m\u0105ka pszenna, skrobia ziemniaczana, t\u0142uszcz ro\u015blinny (palmowy), s\u00f3l]<\/p>\n<p>Czekolada: masa kakaowa minimum 43 %<\/p>\n<p>Opr\u00f3cz t\u0142uszczu kakaowego czekolada zawiera t\u0142uszcze ro\u015blinne<\/p>\n<p>Tekst dotycz\u0105cy alergen\u00f3w<br \/>\nProdukt mo\u017ce zawiera\u0107 orzechy, soj\u0119 i jaja.<\/p>\n","protected":false},"excerpt":{"rendered":"<p>Sk\u0142adniki: cukier, czekolada 16,6 % [cukier, miazga kakaowa, t\u0142uszcz kakaowy, t\u0142uszcz ro\u015blinny (shea), emulgator: lecytyny], serwatka w proszku (z mleka), kakao o obni\u017conej zawarto\u015bci t\u0142uszczu 7,5 %, syrop glukozowy, t\u0142uszcz ro\u015blinny (palmowy, kokosowy), \u015bmietanka kremowa (z mleka), orzeszki arachidowe, mleko zag\u0119szczone s\u0142odzone (mleko, cukier), mleko w proszku pe\u0142ne, spirytus, emulgator: lecytyny, substancja utrzymuj\u0105ca wilgo\u0107: inwertaza, [&hellip;]<\/p>\n","protected":false},"featured_media":11499,"template":"","meta":[],"product_brand":[],"product_cat":[106,103],"product_tag":[],"class_list":{"0":"post-11708","1":"product","2":"type-product","3":"status-publish","4":"has-post-thumbnail","6":"product_cat-cukierki","7":"product_cat-slodycze-i-przekaski","9":"first","10":"instock","11":"taxable","12":"shipping-taxable","13":"purchasable","14":"product-type-simple"},"_links":{"self":[{"href":"https:\/\/www.polskismak.nl\/index.php\/wp-json\/wp\/v2\/product\/11708","targetHints":{"allow":["GET"]}}],"collection":[{"href":"https:\/\/www.polskismak.nl\/index.php\/wp-json\/wp\/v2\/product"}],"about":[{"href":"https:\/\/www.polskismak.nl\/index.php\/wp-json\/wp\/v2\/types\/product"}],"wp:featuredmedia":[{"embeddable":true,"href":"https:\/\/www.polskismak.nl\/index.php\/wp-json\/wp\/v2\/media\/11499"}],"wp:attachment":[{"href":"https:\/\/www.polskismak.nl\/index.php\/wp-json\/wp\/v2\/media?parent=11708"}],"wp:term":[{"taxonomy":"product_brand","embeddable":true,"href":"https:\/\/www.polskismak.nl\/index.php\/wp-json\/wp\/v2\/product_brand?post=11708"},{"taxonomy":"product_cat","embeddable":true,"href":"https:\/\/www.polskismak.nl\/index.php\/wp-json\/wp\/v2\/product_cat?post=11708"},{"taxonomy":"product_tag","embeddable":true,"href":"https:\/\/www.polskismak.nl\/index.php\/wp-json\/wp\/v2\/product_tag?post=11708"}],"curies":[{"name":"wp","href":"https:\/\/api.w.org\/{rel}","templated":true}]}}