{"id":11710,"date":"2024-09-04T10:20:27","date_gmt":"2024-09-04T10:20:27","guid":{"rendered":"https:\/\/www.polskismak.nl\/?post_type=product&#038;p=11710"},"modified":"2025-11-12T14:59:18","modified_gmt":"2025-11-12T14:59:18","slug":"freshfruity","status":"publish","type":"product","link":"https:\/\/www.polskismak.nl\/index.php\/product\/freshfruity\/","title":{"rendered":"Fresh&#038;Fruity"},"content":{"rendered":"<p>Sk\u0142adniki<br \/>\ncukier, syrop glukozowy, woda, substancja \u017celuj\u0105ca: pektyny, regulator kwasowo\u015bci: kwas cytrynowy, naturalne aromaty, soki owocowe 1,2 % z zag\u0119szczonych sok\u00f3w owocowych (ananas, cytryna, pomara\u0144cza, malina), ekstrakty ro\u015blinne (papryka, pokrzywa, szpinak, kurkuma), koncentrat czarnej marchwi<\/p>\n<p>Tekst dotycz\u0105cy alergen\u00f3w<br \/>\nProdukt mo\u017ce zawiera\u0107 soj\u0119, orzeszki arachidowe i mleko.<\/p>\n","protected":false},"excerpt":{"rendered":"<p>Sk\u0142adniki cukier, syrop glukozowy, woda, substancja \u017celuj\u0105ca: pektyny, regulator kwasowo\u015bci: kwas cytrynowy, naturalne aromaty, soki owocowe 1,2 % z zag\u0119szczonych sok\u00f3w owocowych (ananas, cytryna, pomara\u0144cza, malina), ekstrakty ro\u015blinne (papryka, pokrzywa, szpinak, kurkuma), koncentrat czarnej marchwi Tekst dotycz\u0105cy alergen\u00f3w Produkt mo\u017ce zawiera\u0107 soj\u0119, orzeszki arachidowe i mleko.<\/p>\n","protected":false},"featured_media":11500,"template":"","meta":[],"product_brand":[],"product_cat":[106,103],"product_tag":[],"class_list":{"0":"post-11710","1":"product","2":"type-product","3":"status-publish","4":"has-post-thumbnail","6":"product_cat-cukierki","7":"product_cat-slodycze-i-przekaski","9":"first","10":"instock","11":"taxable","12":"shipping-taxable","13":"purchasable","14":"product-type-simple"},"_links":{"self":[{"href":"https:\/\/www.polskismak.nl\/index.php\/wp-json\/wp\/v2\/product\/11710","targetHints":{"allow":["GET"]}}],"collection":[{"href":"https:\/\/www.polskismak.nl\/index.php\/wp-json\/wp\/v2\/product"}],"about":[{"href":"https:\/\/www.polskismak.nl\/index.php\/wp-json\/wp\/v2\/types\/product"}],"wp:featuredmedia":[{"embeddable":true,"href":"https:\/\/www.polskismak.nl\/index.php\/wp-json\/wp\/v2\/media\/11500"}],"wp:attachment":[{"href":"https:\/\/www.polskismak.nl\/index.php\/wp-json\/wp\/v2\/media?parent=11710"}],"wp:term":[{"taxonomy":"product_brand","embeddable":true,"href":"https:\/\/www.polskismak.nl\/index.php\/wp-json\/wp\/v2\/product_brand?post=11710"},{"taxonomy":"product_cat","embeddable":true,"href":"https:\/\/www.polskismak.nl\/index.php\/wp-json\/wp\/v2\/product_cat?post=11710"},{"taxonomy":"product_tag","embeddable":true,"href":"https:\/\/www.polskismak.nl\/index.php\/wp-json\/wp\/v2\/product_tag?post=11710"}],"curies":[{"name":"wp","href":"https:\/\/api.w.org\/{rel}","templated":true}]}}