{"id":11712,"date":"2024-09-04T10:24:44","date_gmt":"2024-09-04T10:24:44","guid":{"rendered":"https:\/\/www.polskismak.nl\/?post_type=product&#038;p=11712"},"modified":"2025-11-12T14:59:05","modified_gmt":"2025-11-12T14:59:05","slug":"mieszanka-wedlowska","status":"publish","type":"product","link":"https:\/\/www.polskismak.nl\/index.php\/product\/mieszanka-wedlowska\/","title":{"rendered":"Mieszanka Wedlowska"},"content":{"rendered":"<p>Sk\u0142adniki<br \/>\ncukier, t\u0142uszcze ro\u015blinne (palmowe), czekolada deserowa 19 % (cukier, miazga kakaowa, t\u0142uszcz kakaowy, t\u0142uszcz mleczny, emulgatory: lecytyny sojowe i E 476, aromat), orzeszki arachidowe (miazga i kawa\u0142ki), serwatka w proszku (z mleka), mleko pe\u0142ne w proszku, kakao o obni\u017conej zawarto\u015bci t\u0142uszczu, listki waflowe (m\u0105ka pszenna, m\u0105ka \u017cytnia, zawiera olej s\u0142onecznikowy i\/lub olej rzepakowy, jaja w proszku, maltodekstryna, emulgator: lecytyny sojowe, substancje spulchniaj\u0105ce: wodorow\u0119glan sodu, wodorow\u0119glan amonu, pirosiarczyn sodu; s\u00f3l), wi\u00f3rki kokosowe, karmelizowane ziarno kakaowe (ziarno kakaowe, cukier), pasta kawowa (kawa, t\u0142uszcz ro\u015blinny rzepakowy, emulgator: lecytyny sojowe), emulgator (lecytyny sojowe), p\u0142atki karmelowe (cukier, syrop glukozowy), chrupki zbo\u017cowe (m\u0105ka pszenna, cukier, m\u0105ka ze s\u0142odu pszennego, substancja spulchniaj\u0105ca: wodorow\u0119glan sodu, emulgator: lecytyny, s\u00f3l, naturalny aromat waniliowy), aromaty, miazga kakaowa, t\u0142uszcz kakaowy, barwnik (ekstrakt z papryki), t\u0142uszcz mleczny, s\u00f3l<br \/>\nCzekolada deserowa: masa kakaowa minimum 47 %<\/p>\n<p>Tekst dotycz\u0105cy alergen\u00f3w<br \/>\nMo\u017ce zawiera\u0107 orzechy.<\/p>\n<p>Dodatki<br \/>\nBarwniki\tZawiera<br \/>\nSmaki \/ Aromaty\tZawiera<br \/>\nSyrop glukozowy lub glukozowo-fruktozowy\tZawiera<\/p>\n","protected":false},"excerpt":{"rendered":"<p>Sk\u0142adniki cukier, t\u0142uszcze ro\u015blinne (palmowe), czekolada deserowa 19 % (cukier, miazga kakaowa, t\u0142uszcz kakaowy, t\u0142uszcz mleczny, emulgatory: lecytyny sojowe i E 476, aromat), orzeszki arachidowe (miazga i kawa\u0142ki), serwatka w proszku (z mleka), mleko pe\u0142ne w proszku, kakao o obni\u017conej zawarto\u015bci t\u0142uszczu, listki waflowe (m\u0105ka pszenna, m\u0105ka \u017cytnia, zawiera olej s\u0142onecznikowy i\/lub olej rzepakowy, jaja [&hellip;]<\/p>\n","protected":false},"featured_media":11501,"template":"","meta":[],"product_brand":[],"product_cat":[106,103],"product_tag":[],"class_list":{"0":"post-11712","1":"product","2":"type-product","3":"status-publish","4":"has-post-thumbnail","6":"product_cat-cukierki","7":"product_cat-slodycze-i-przekaski","9":"first","10":"instock","11":"taxable","12":"shipping-taxable","13":"purchasable","14":"product-type-simple"},"_links":{"self":[{"href":"https:\/\/www.polskismak.nl\/index.php\/wp-json\/wp\/v2\/product\/11712","targetHints":{"allow":["GET"]}}],"collection":[{"href":"https:\/\/www.polskismak.nl\/index.php\/wp-json\/wp\/v2\/product"}],"about":[{"href":"https:\/\/www.polskismak.nl\/index.php\/wp-json\/wp\/v2\/types\/product"}],"wp:featuredmedia":[{"embeddable":true,"href":"https:\/\/www.polskismak.nl\/index.php\/wp-json\/wp\/v2\/media\/11501"}],"wp:attachment":[{"href":"https:\/\/www.polskismak.nl\/index.php\/wp-json\/wp\/v2\/media?parent=11712"}],"wp:term":[{"taxonomy":"product_brand","embeddable":true,"href":"https:\/\/www.polskismak.nl\/index.php\/wp-json\/wp\/v2\/product_brand?post=11712"},{"taxonomy":"product_cat","embeddable":true,"href":"https:\/\/www.polskismak.nl\/index.php\/wp-json\/wp\/v2\/product_cat?post=11712"},{"taxonomy":"product_tag","embeddable":true,"href":"https:\/\/www.polskismak.nl\/index.php\/wp-json\/wp\/v2\/product_tag?post=11712"}],"curies":[{"name":"wp","href":"https:\/\/api.w.org\/{rel}","templated":true}]}}