{"id":11726,"date":"2024-09-04T10:52:19","date_gmt":"2024-09-04T10:52:19","guid":{"rendered":"https:\/\/www.polskismak.nl\/?post_type=product&#038;p=11726"},"modified":"2025-01-22T14:36:34","modified_gmt":"2025-01-22T14:36:34","slug":"mamba-magic-sticks","status":"publish","type":"product","link":"https:\/\/www.polskismak.nl\/index.php\/product\/mamba-magic-sticks\/","title":{"rendered":"Mamba Magic Sticks"},"content":{"rendered":"<p>Sk\u0142ad:<br \/>\ncukier, syrop glukozowy, t\u0142uszcz palmowy, substancja utrzymuj\u0105ca wilgo\u0107: sorbitole, \u017celatyna, kwas: kwas cytrynowy, aromaty, koncentraty barwi\u0105ce (czarna marchew, czarna porzeczka, sok truskawkowy, spirulina), barwi\u0105cy wyci\u0105g z kurkumy, syrop karmelowy<\/p>\n","protected":false},"excerpt":{"rendered":"<p>Sk\u0142ad: cukier, syrop glukozowy, t\u0142uszcz palmowy, substancja utrzymuj\u0105ca wilgo\u0107: sorbitole, \u017celatyna, kwas: kwas cytrynowy, aromaty, koncentraty barwi\u0105ce (czarna marchew, czarna porzeczka, sok truskawkowy, spirulina), barwi\u0105cy wyci\u0105g z kurkumy, syrop karmelowy<\/p>\n","protected":false},"featured_media":11507,"template":"","meta":[],"product_brand":[],"product_cat":[106,103],"product_tag":[],"class_list":{"0":"post-11726","1":"product","2":"type-product","3":"status-publish","4":"has-post-thumbnail","6":"product_cat-cukierki","7":"product_cat-slodycze-i-przekaski","9":"first","10":"instock","11":"taxable","12":"shipping-taxable","13":"purchasable","14":"product-type-simple"},"_links":{"self":[{"href":"https:\/\/www.polskismak.nl\/index.php\/wp-json\/wp\/v2\/product\/11726","targetHints":{"allow":["GET"]}}],"collection":[{"href":"https:\/\/www.polskismak.nl\/index.php\/wp-json\/wp\/v2\/product"}],"about":[{"href":"https:\/\/www.polskismak.nl\/index.php\/wp-json\/wp\/v2\/types\/product"}],"wp:featuredmedia":[{"embeddable":true,"href":"https:\/\/www.polskismak.nl\/index.php\/wp-json\/wp\/v2\/media\/11507"}],"wp:attachment":[{"href":"https:\/\/www.polskismak.nl\/index.php\/wp-json\/wp\/v2\/media?parent=11726"}],"wp:term":[{"taxonomy":"product_brand","embeddable":true,"href":"https:\/\/www.polskismak.nl\/index.php\/wp-json\/wp\/v2\/product_brand?post=11726"},{"taxonomy":"product_cat","embeddable":true,"href":"https:\/\/www.polskismak.nl\/index.php\/wp-json\/wp\/v2\/product_cat?post=11726"},{"taxonomy":"product_tag","embeddable":true,"href":"https:\/\/www.polskismak.nl\/index.php\/wp-json\/wp\/v2\/product_tag?post=11726"}],"curies":[{"name":"wp","href":"https:\/\/api.w.org\/{rel}","templated":true}]}}