{"id":11744,"date":"2024-09-04T11:25:17","date_gmt":"2024-09-04T11:25:17","guid":{"rendered":"https:\/\/www.polskismak.nl\/?post_type=product&#038;p=11744"},"modified":"2025-01-22T14:13:07","modified_gmt":"2025-01-22T14:13:07","slug":"fit-ciasteczka-zbozowe-z-morela","status":"publish","type":"product","link":"https:\/\/www.polskismak.nl\/index.php\/product\/fit-ciasteczka-zbozowe-z-morela\/","title":{"rendered":"Fit Ciasteczka Zbo\u017cowe z morel\u0105"},"content":{"rendered":"<p>Sk\u0142adniki<br \/>\nprodukty pochodz\u0105ce ze zb\u00f3\u017c 59,2 % (m\u0105ka: pszenna, pszenna pe\u0142noziarnista, \u017cytnia, j\u0119czmienna; pe\u0142noziarniste p\u0142atki: owsiane, orkiszowe), substancja s\u0142odz\u0105ca: maltitoleolej s\u0142onecznikowy, morela suszona 7 % (morela, m\u0105ka ry\u017cowa), serwatka w proszku (z mleka), substancje spulchniaj\u0105ce: w\u0119glany sodu, wodorow\u0119glan amonu, s\u00f3l morska, aromaty<\/p>\n<p>Tekst dotycz\u0105cy alergen\u00f3w<br \/>\nProdukt mo\u017ce zawiera\u0107 soj\u0119 oraz orzechy.<\/p>\n<p>O\u015bwiadczenia \u017cywieniowe<br \/>\nBez dodatku cukr\u00f3w. Zawiera naturalnie wyst\u0119puj\u0105ce cukry.<\/p>\n<p>Informacje dot. stylu \u017cycia<br \/>\nBez dodatku cukru<\/p>\n<p>Dodatki<br \/>\nSubstancje s\u0142odz\u0105ce\tZawiera<\/p>\n","protected":false},"excerpt":{"rendered":"<p>Sk\u0142adniki produkty pochodz\u0105ce ze zb\u00f3\u017c 59,2 % (m\u0105ka: pszenna, pszenna pe\u0142noziarnista, \u017cytnia, j\u0119czmienna; pe\u0142noziarniste p\u0142atki: owsiane, orkiszowe), substancja s\u0142odz\u0105ca: maltitoleolej s\u0142onecznikowy, morela suszona 7 % (morela, m\u0105ka ry\u017cowa), serwatka w proszku (z mleka), substancje spulchniaj\u0105ce: w\u0119glany sodu, wodorow\u0119glan amonu, s\u00f3l morska, aromaty Tekst dotycz\u0105cy alergen\u00f3w Produkt mo\u017ce zawiera\u0107 soj\u0119 oraz orzechy. O\u015bwiadczenia \u017cywieniowe Bez dodatku [&hellip;]<\/p>\n","protected":false},"featured_media":11518,"template":"","meta":[],"product_brand":[],"product_cat":[104,103],"product_tag":[],"class_list":{"0":"post-11744","1":"product","2":"type-product","3":"status-publish","4":"has-post-thumbnail","6":"product_cat-ciastka-i-pierniki","7":"product_cat-slodycze-i-przekaski","9":"first","10":"instock","11":"taxable","12":"shipping-taxable","13":"purchasable","14":"product-type-simple"},"_links":{"self":[{"href":"https:\/\/www.polskismak.nl\/index.php\/wp-json\/wp\/v2\/product\/11744","targetHints":{"allow":["GET"]}}],"collection":[{"href":"https:\/\/www.polskismak.nl\/index.php\/wp-json\/wp\/v2\/product"}],"about":[{"href":"https:\/\/www.polskismak.nl\/index.php\/wp-json\/wp\/v2\/types\/product"}],"wp:featuredmedia":[{"embeddable":true,"href":"https:\/\/www.polskismak.nl\/index.php\/wp-json\/wp\/v2\/media\/11518"}],"wp:attachment":[{"href":"https:\/\/www.polskismak.nl\/index.php\/wp-json\/wp\/v2\/media?parent=11744"}],"wp:term":[{"taxonomy":"product_brand","embeddable":true,"href":"https:\/\/www.polskismak.nl\/index.php\/wp-json\/wp\/v2\/product_brand?post=11744"},{"taxonomy":"product_cat","embeddable":true,"href":"https:\/\/www.polskismak.nl\/index.php\/wp-json\/wp\/v2\/product_cat?post=11744"},{"taxonomy":"product_tag","embeddable":true,"href":"https:\/\/www.polskismak.nl\/index.php\/wp-json\/wp\/v2\/product_tag?post=11744"}],"curies":[{"name":"wp","href":"https:\/\/api.w.org\/{rel}","templated":true}]}}