{"id":11788,"date":"2024-09-04T13:38:56","date_gmt":"2024-09-04T13:38:56","guid":{"rendered":"https:\/\/www.polskismak.nl\/?post_type=product&#038;p=11788"},"modified":"2025-11-12T14:53:38","modified_gmt":"2025-11-12T14:53:38","slug":"wawel-baton-krowka","status":"publish","type":"product","link":"https:\/\/www.polskismak.nl\/index.php\/product\/wawel-baton-krowka\/","title":{"rendered":"Wawel baton Kr\u00f3wka"},"content":{"rendered":"<p>Sk\u0142ad: czekolada mleczna 53% [cukier, mleko w proszku pe\u0142ne, t\u0142uszcz kakaowy, miazga kakaowa, t\u0142uszcz ro\u015blinny (shea), t\u0142uszcz mleczny, emulgator: lecytyny; aromat naturalny], syrop glukozowy, mleko zag\u0119szczone s\u0142odzone (mleko, cukier), cukier, t\u0142uszcz ro\u015blinny (palmowy, kokosowy), syrop cukru inwertowanego, emulgator: lecytyny, s\u00f3l, aromat naturalny. Produkt mo\u017ce zawiera\u0107 orzeszki arachidowe, orzechy laskowe, migda\u0142y, nasiona sezamu, soj\u0119, pszenic\u0119 i jaja. Czekolada mleczna: masa kakaowa minimum 30%, masa mleczna minimum 18%.<\/p>\n","protected":false},"excerpt":{"rendered":"<p>Sk\u0142ad: czekolada mleczna 53% [cukier, mleko w proszku pe\u0142ne, t\u0142uszcz kakaowy, miazga kakaowa, t\u0142uszcz ro\u015blinny (shea), t\u0142uszcz mleczny, emulgator: lecytyny; aromat naturalny], syrop glukozowy, mleko zag\u0119szczone s\u0142odzone (mleko, cukier), cukier, t\u0142uszcz ro\u015blinny (palmowy, kokosowy), syrop cukru inwertowanego, emulgator: lecytyny, s\u00f3l, aromat naturalny. Produkt mo\u017ce zawiera\u0107 orzeszki arachidowe, orzechy laskowe, migda\u0142y, nasiona sezamu, soj\u0119, pszenic\u0119 i [&hellip;]<\/p>\n","protected":false},"featured_media":11524,"template":"","meta":[],"product_brand":[],"product_cat":[107,103],"product_tag":[],"class_list":{"0":"post-11788","1":"product","2":"type-product","3":"status-publish","4":"has-post-thumbnail","6":"product_cat-batoniki-i-wafelki","7":"product_cat-slodycze-i-przekaski","9":"first","10":"instock","11":"taxable","12":"shipping-taxable","13":"purchasable","14":"product-type-simple"},"_links":{"self":[{"href":"https:\/\/www.polskismak.nl\/index.php\/wp-json\/wp\/v2\/product\/11788","targetHints":{"allow":["GET"]}}],"collection":[{"href":"https:\/\/www.polskismak.nl\/index.php\/wp-json\/wp\/v2\/product"}],"about":[{"href":"https:\/\/www.polskismak.nl\/index.php\/wp-json\/wp\/v2\/types\/product"}],"wp:featuredmedia":[{"embeddable":true,"href":"https:\/\/www.polskismak.nl\/index.php\/wp-json\/wp\/v2\/media\/11524"}],"wp:attachment":[{"href":"https:\/\/www.polskismak.nl\/index.php\/wp-json\/wp\/v2\/media?parent=11788"}],"wp:term":[{"taxonomy":"product_brand","embeddable":true,"href":"https:\/\/www.polskismak.nl\/index.php\/wp-json\/wp\/v2\/product_brand?post=11788"},{"taxonomy":"product_cat","embeddable":true,"href":"https:\/\/www.polskismak.nl\/index.php\/wp-json\/wp\/v2\/product_cat?post=11788"},{"taxonomy":"product_tag","embeddable":true,"href":"https:\/\/www.polskismak.nl\/index.php\/wp-json\/wp\/v2\/product_tag?post=11788"}],"curies":[{"name":"wp","href":"https:\/\/api.w.org\/{rel}","templated":true}]}}