{"id":11800,"date":"2024-09-04T14:03:56","date_gmt":"2024-09-04T14:03:56","guid":{"rendered":"https:\/\/www.polskismak.nl\/?post_type=product&#038;p=11800"},"modified":"2025-11-12T14:51:52","modified_gmt":"2025-11-12T14:51:52","slug":"chalwa-z-orzeszkami","status":"publish","type":"product","link":"https:\/\/www.polskismak.nl\/index.php\/product\/chalwa-z-orzeszkami\/","title":{"rendered":"Cha\u0142wa z orzeszkami"},"content":{"rendered":"<p>Sk\u0142ad: Miazga sezamowa (49%). syrop glukozowy. cukier. orzeszki arachidowe pra\u017cone (9%). olej rzepakowy. emulgator: e471. bia\u0142ko jaja w proszku. ekstrakt z korzenia mydlnicy. aromat<\/p>\n","protected":false},"excerpt":{"rendered":"<p>Sk\u0142ad: Miazga sezamowa (49%). syrop glukozowy. cukier. orzeszki arachidowe pra\u017cone (9%). olej rzepakowy. emulgator: e471. bia\u0142ko jaja w proszku. ekstrakt z korzenia mydlnicy. aromat<\/p>\n","protected":false},"featured_media":11531,"template":"","meta":[],"product_brand":[],"product_cat":[107,103],"product_tag":[],"class_list":{"0":"post-11800","1":"product","2":"type-product","3":"status-publish","4":"has-post-thumbnail","6":"product_cat-batoniki-i-wafelki","7":"product_cat-slodycze-i-przekaski","9":"first","10":"onbackorder","11":"taxable","12":"shipping-taxable","13":"purchasable","14":"product-type-simple"},"_links":{"self":[{"href":"https:\/\/www.polskismak.nl\/index.php\/wp-json\/wp\/v2\/product\/11800","targetHints":{"allow":["GET"]}}],"collection":[{"href":"https:\/\/www.polskismak.nl\/index.php\/wp-json\/wp\/v2\/product"}],"about":[{"href":"https:\/\/www.polskismak.nl\/index.php\/wp-json\/wp\/v2\/types\/product"}],"wp:featuredmedia":[{"embeddable":true,"href":"https:\/\/www.polskismak.nl\/index.php\/wp-json\/wp\/v2\/media\/11531"}],"wp:attachment":[{"href":"https:\/\/www.polskismak.nl\/index.php\/wp-json\/wp\/v2\/media?parent=11800"}],"wp:term":[{"taxonomy":"product_brand","embeddable":true,"href":"https:\/\/www.polskismak.nl\/index.php\/wp-json\/wp\/v2\/product_brand?post=11800"},{"taxonomy":"product_cat","embeddable":true,"href":"https:\/\/www.polskismak.nl\/index.php\/wp-json\/wp\/v2\/product_cat?post=11800"},{"taxonomy":"product_tag","embeddable":true,"href":"https:\/\/www.polskismak.nl\/index.php\/wp-json\/wp\/v2\/product_tag?post=11800"}],"curies":[{"name":"wp","href":"https:\/\/api.w.org\/{rel}","templated":true}]}}