{"id":11802,"date":"2024-09-04T14:07:43","date_gmt":"2024-09-04T14:07:43","guid":{"rendered":"https:\/\/www.polskismak.nl\/?post_type=product&#038;p=11802"},"modified":"2025-11-12T14:51:29","modified_gmt":"2025-11-12T14:51:29","slug":"prince-polo-xxl-slony-karmel","status":"publish","type":"product","link":"https:\/\/www.polskismak.nl\/index.php\/product\/prince-polo-xxl-slony-karmel\/","title":{"rendered":"Prince Polo XXL S\u0142ony Karmel"},"content":{"rendered":"<p>Sk\u0142adniki:<br \/>\ncukier, m\u0105ka PSZENNA, olej palmowy, t\u0142uszcz kakaowy, odt\u0142uszczone MLEKO w proszku, maltodekstryna, miazga kakaowa, serwatka w proszku (z MLEKA), skrobia PSZENNA, t\u0142uszcz MLECZNY, kakao w proszku o obni\u017conej zawarto\u015bci t\u0142uszczu, skrobia ziemniaczana, s\u00f3l, olej rzepakowy, emulgatory (lecytyny SOJOWE, E 476), aromaty, substancje spulchniaj\u0105ce (E 500, E 503)<\/p>\n<p>Tekst dotycz\u0105cy alergen\u00f3w<br \/>\nMO\u017bE ZAWIERA\u0106 ORZECHY.<\/p>\n","protected":false},"excerpt":{"rendered":"<p>Sk\u0142adniki: cukier, m\u0105ka PSZENNA, olej palmowy, t\u0142uszcz kakaowy, odt\u0142uszczone MLEKO w proszku, maltodekstryna, miazga kakaowa, serwatka w proszku (z MLEKA), skrobia PSZENNA, t\u0142uszcz MLECZNY, kakao w proszku o obni\u017conej zawarto\u015bci t\u0142uszczu, skrobia ziemniaczana, s\u00f3l, olej rzepakowy, emulgatory (lecytyny SOJOWE, E 476), aromaty, substancje spulchniaj\u0105ce (E 500, E 503) Tekst dotycz\u0105cy alergen\u00f3w MO\u017bE ZAWIERA\u0106 ORZECHY.<\/p>\n","protected":false},"featured_media":11532,"template":"","meta":[],"product_brand":[],"product_cat":[107,103],"product_tag":[],"class_list":{"0":"post-11802","1":"product","2":"type-product","3":"status-publish","4":"has-post-thumbnail","6":"product_cat-batoniki-i-wafelki","7":"product_cat-slodycze-i-przekaski","9":"first","10":"onbackorder","11":"taxable","12":"shipping-taxable","13":"purchasable","14":"product-type-simple"},"_links":{"self":[{"href":"https:\/\/www.polskismak.nl\/index.php\/wp-json\/wp\/v2\/product\/11802","targetHints":{"allow":["GET"]}}],"collection":[{"href":"https:\/\/www.polskismak.nl\/index.php\/wp-json\/wp\/v2\/product"}],"about":[{"href":"https:\/\/www.polskismak.nl\/index.php\/wp-json\/wp\/v2\/types\/product"}],"wp:featuredmedia":[{"embeddable":true,"href":"https:\/\/www.polskismak.nl\/index.php\/wp-json\/wp\/v2\/media\/11532"}],"wp:attachment":[{"href":"https:\/\/www.polskismak.nl\/index.php\/wp-json\/wp\/v2\/media?parent=11802"}],"wp:term":[{"taxonomy":"product_brand","embeddable":true,"href":"https:\/\/www.polskismak.nl\/index.php\/wp-json\/wp\/v2\/product_brand?post=11802"},{"taxonomy":"product_cat","embeddable":true,"href":"https:\/\/www.polskismak.nl\/index.php\/wp-json\/wp\/v2\/product_cat?post=11802"},{"taxonomy":"product_tag","embeddable":true,"href":"https:\/\/www.polskismak.nl\/index.php\/wp-json\/wp\/v2\/product_tag?post=11802"}],"curies":[{"name":"wp","href":"https:\/\/api.w.org\/{rel}","templated":true}]}}