{"id":11806,"date":"2024-09-04T14:14:18","date_gmt":"2024-09-04T14:14:18","guid":{"rendered":"https:\/\/www.polskismak.nl\/?post_type=product&#038;p=11806"},"modified":"2025-01-22T13:53:43","modified_gmt":"2025-01-22T13:53:43","slug":"prince-polo-xxl-mleczne","status":"publish","type":"product","link":"https:\/\/www.polskismak.nl\/index.php\/product\/prince-polo-xxl-mleczne\/","title":{"rendered":"Prince Polo XXL Mleczne"},"content":{"rendered":"<p>Sk\u0142adniki:<br \/>\ncukier, m\u0105ka pszenna, olej palmowy, serwatka w proszku (z mleka), t\u0142uszcz kakaowy, odt\u0142uszczone mleko w proszku, miazga kakaowa, t\u0142uszcz mleczny, kakao w proszku o obni\u017conej zawarto\u015bci t\u0142uszczu (1 %), skrobia ziemniaczana, olej rzepakowy, emulgatory (lecytyna sojowa, E 476), s\u00f3l, substancje spulchniaj\u0105ce (w\u0119glany sodu, w\u0119glany amonu),aromaty<\/p>\n<p>Tekst dotycz\u0105cy alergen\u00f3w<br \/>\nMo\u017ce zawiera\u0107 orzechy.<\/p>\n","protected":false},"excerpt":{"rendered":"<p>Sk\u0142adniki: cukier, m\u0105ka pszenna, olej palmowy, serwatka w proszku (z mleka), t\u0142uszcz kakaowy, odt\u0142uszczone mleko w proszku, miazga kakaowa, t\u0142uszcz mleczny, kakao w proszku o obni\u017conej zawarto\u015bci t\u0142uszczu (1 %), skrobia ziemniaczana, olej rzepakowy, emulgatory (lecytyna sojowa, E 476), s\u00f3l, substancje spulchniaj\u0105ce (w\u0119glany sodu, w\u0119glany amonu),aromaty Tekst dotycz\u0105cy alergen\u00f3w Mo\u017ce zawiera\u0107 orzechy.<\/p>\n","protected":false},"featured_media":11538,"template":"","meta":[],"product_brand":[],"product_cat":[107,103],"product_tag":[],"class_list":{"0":"post-11806","1":"product","2":"type-product","3":"status-publish","4":"has-post-thumbnail","6":"product_cat-batoniki-i-wafelki","7":"product_cat-slodycze-i-przekaski","9":"first","10":"instock","11":"taxable","12":"shipping-taxable","13":"purchasable","14":"product-type-simple"},"_links":{"self":[{"href":"https:\/\/www.polskismak.nl\/index.php\/wp-json\/wp\/v2\/product\/11806","targetHints":{"allow":["GET"]}}],"collection":[{"href":"https:\/\/www.polskismak.nl\/index.php\/wp-json\/wp\/v2\/product"}],"about":[{"href":"https:\/\/www.polskismak.nl\/index.php\/wp-json\/wp\/v2\/types\/product"}],"wp:featuredmedia":[{"embeddable":true,"href":"https:\/\/www.polskismak.nl\/index.php\/wp-json\/wp\/v2\/media\/11538"}],"wp:attachment":[{"href":"https:\/\/www.polskismak.nl\/index.php\/wp-json\/wp\/v2\/media?parent=11806"}],"wp:term":[{"taxonomy":"product_brand","embeddable":true,"href":"https:\/\/www.polskismak.nl\/index.php\/wp-json\/wp\/v2\/product_brand?post=11806"},{"taxonomy":"product_cat","embeddable":true,"href":"https:\/\/www.polskismak.nl\/index.php\/wp-json\/wp\/v2\/product_cat?post=11806"},{"taxonomy":"product_tag","embeddable":true,"href":"https:\/\/www.polskismak.nl\/index.php\/wp-json\/wp\/v2\/product_tag?post=11806"}],"curies":[{"name":"wp","href":"https:\/\/api.w.org\/{rel}","templated":true}]}}