{"id":11808,"date":"2024-09-04T14:20:02","date_gmt":"2024-09-04T14:20:02","guid":{"rendered":"https:\/\/www.polskismak.nl\/?post_type=product&#038;p=11808"},"modified":"2025-01-22T13:53:28","modified_gmt":"2025-01-22T13:53:28","slug":"grzeski-mleczne","status":"publish","type":"product","link":"https:\/\/www.polskismak.nl\/index.php\/product\/grzeski-mleczne\/","title":{"rendered":"Grze\u015bki mleczne"},"content":{"rendered":"<p>Sk\u0142adniki:<br \/>\nczekolada 30,9% (w tym 0,1% w kremie) [cukier, miazga kakaowa, t\u0142uszcz kakaowy, kakao o obni\u017conej zawarto\u015bci t\u0142uszczu, t\u0142uszcze ro\u015blinne (palmowy, shea) w zmiennych proporcjach, t\u0142uszcz mleczny, emulgatory: lecytyny (z soi) i E476; aromat], m\u0105ka pszenna, t\u0142uszcz palmowy, mleko w proszku odt\u0142uszczone, cukier, kakao o obni\u017conej zawarto\u015bci t\u0142uszczu 2,9%, skrobia ziemniaczana, emulgator: lecytyny (z soi), substancje spulchniaj\u0105ce: w\u0119glany sodu i w\u0119glany amonu, s\u00f3l, aromat<\/p>\n<p>Tekst dotycz\u0105cy alergen\u00f3w<br \/>\nProdukt mo\u017ce zawiera\u0107 orzechy laskowe i orzeszki arachidowe.<\/p>\n","protected":false},"excerpt":{"rendered":"<p>Sk\u0142adniki: czekolada 30,9% (w tym 0,1% w kremie) [cukier, miazga kakaowa, t\u0142uszcz kakaowy, kakao o obni\u017conej zawarto\u015bci t\u0142uszczu, t\u0142uszcze ro\u015blinne (palmowy, shea) w zmiennych proporcjach, t\u0142uszcz mleczny, emulgatory: lecytyny (z soi) i E476; aromat], m\u0105ka pszenna, t\u0142uszcz palmowy, mleko w proszku odt\u0142uszczone, cukier, kakao o obni\u017conej zawarto\u015bci t\u0142uszczu 2,9%, skrobia ziemniaczana, emulgator: lecytyny (z soi), [&hellip;]<\/p>\n","protected":false},"featured_media":11534,"template":"","meta":[],"product_brand":[],"product_cat":[107,103],"product_tag":[],"class_list":{"0":"post-11808","1":"product","2":"type-product","3":"status-publish","4":"has-post-thumbnail","6":"product_cat-batoniki-i-wafelki","7":"product_cat-slodycze-i-przekaski","9":"first","10":"instock","11":"taxable","12":"shipping-taxable","13":"purchasable","14":"product-type-simple"},"_links":{"self":[{"href":"https:\/\/www.polskismak.nl\/index.php\/wp-json\/wp\/v2\/product\/11808","targetHints":{"allow":["GET"]}}],"collection":[{"href":"https:\/\/www.polskismak.nl\/index.php\/wp-json\/wp\/v2\/product"}],"about":[{"href":"https:\/\/www.polskismak.nl\/index.php\/wp-json\/wp\/v2\/types\/product"}],"wp:featuredmedia":[{"embeddable":true,"href":"https:\/\/www.polskismak.nl\/index.php\/wp-json\/wp\/v2\/media\/11534"}],"wp:attachment":[{"href":"https:\/\/www.polskismak.nl\/index.php\/wp-json\/wp\/v2\/media?parent=11808"}],"wp:term":[{"taxonomy":"product_brand","embeddable":true,"href":"https:\/\/www.polskismak.nl\/index.php\/wp-json\/wp\/v2\/product_brand?post=11808"},{"taxonomy":"product_cat","embeddable":true,"href":"https:\/\/www.polskismak.nl\/index.php\/wp-json\/wp\/v2\/product_cat?post=11808"},{"taxonomy":"product_tag","embeddable":true,"href":"https:\/\/www.polskismak.nl\/index.php\/wp-json\/wp\/v2\/product_tag?post=11808"}],"curies":[{"name":"wp","href":"https:\/\/api.w.org\/{rel}","templated":true}]}}