{"id":11816,"date":"2024-09-04T14:29:21","date_gmt":"2024-09-04T14:29:21","guid":{"rendered":"https:\/\/www.polskismak.nl\/?post_type=product&#038;p=11816"},"modified":"2025-11-12T14:49:57","modified_gmt":"2025-11-12T14:49:57","slug":"princessa-longa-mleczna","status":"publish","type":"product","link":"https:\/\/www.polskismak.nl\/index.php\/product\/princessa-longa-mleczna\/","title":{"rendered":"Princessa Longa mleczna"},"content":{"rendered":"<p>Sk\u0142adniki:<br \/>\nczekolada mleczna (33,7 %) (cukier, t\u0142uszcz kakaowy\u00b9, miazga kakaowa\u00b9, odt\u0142uszczone mleko w proszku, preparat serwatkowy w proszku (z mleka), t\u0142uszcz mleczny, oleje ro\u015blinne (palmowy, shea), emulgator (lecytyny)), m\u0105ka pszenna, olej palmowy, cukier, preparat serwatkowy w proszku (z mleka), kakao w proszku (1,0 %) o obni\u017conej zawarto\u015bci t\u0142uszczu\u00b9, odt\u0142uszczone mleko w proszku, substancje spulchniaj\u0105ce (w\u0119glany amonu, w\u0119glany sodu), maltodekstryna, emulgatory (lecytyny, E 476), s\u00f3l<\/p>\n<p>\u00b9Certyfikowane Rainforest Alliance<\/p>\n<p>Tekst dotycz\u0105cy alergen\u00f3w<br \/>\nMo\u017ce zawiera\u0107: orzechy ziemne, orzechy i soj\u0119.<\/p>\n","protected":false},"excerpt":{"rendered":"<p>Sk\u0142adniki: czekolada mleczna (33,7 %) (cukier, t\u0142uszcz kakaowy\u00b9, miazga kakaowa\u00b9, odt\u0142uszczone mleko w proszku, preparat serwatkowy w proszku (z mleka), t\u0142uszcz mleczny, oleje ro\u015blinne (palmowy, shea), emulgator (lecytyny)), m\u0105ka pszenna, olej palmowy, cukier, preparat serwatkowy w proszku (z mleka), kakao w proszku (1,0 %) o obni\u017conej zawarto\u015bci t\u0142uszczu\u00b9, odt\u0142uszczone mleko w proszku, substancje spulchniaj\u0105ce (w\u0119glany [&hellip;]<\/p>\n","protected":false},"featured_media":11535,"template":"","meta":[],"product_brand":[],"product_cat":[107,103],"product_tag":[],"class_list":{"0":"post-11816","1":"product","2":"type-product","3":"status-publish","4":"has-post-thumbnail","6":"product_cat-batoniki-i-wafelki","7":"product_cat-slodycze-i-przekaski","9":"first","10":"onbackorder","11":"taxable","12":"shipping-taxable","13":"purchasable","14":"product-type-simple"},"_links":{"self":[{"href":"https:\/\/www.polskismak.nl\/index.php\/wp-json\/wp\/v2\/product\/11816","targetHints":{"allow":["GET"]}}],"collection":[{"href":"https:\/\/www.polskismak.nl\/index.php\/wp-json\/wp\/v2\/product"}],"about":[{"href":"https:\/\/www.polskismak.nl\/index.php\/wp-json\/wp\/v2\/types\/product"}],"wp:featuredmedia":[{"embeddable":true,"href":"https:\/\/www.polskismak.nl\/index.php\/wp-json\/wp\/v2\/media\/11535"}],"wp:attachment":[{"href":"https:\/\/www.polskismak.nl\/index.php\/wp-json\/wp\/v2\/media?parent=11816"}],"wp:term":[{"taxonomy":"product_brand","embeddable":true,"href":"https:\/\/www.polskismak.nl\/index.php\/wp-json\/wp\/v2\/product_brand?post=11816"},{"taxonomy":"product_cat","embeddable":true,"href":"https:\/\/www.polskismak.nl\/index.php\/wp-json\/wp\/v2\/product_cat?post=11816"},{"taxonomy":"product_tag","embeddable":true,"href":"https:\/\/www.polskismak.nl\/index.php\/wp-json\/wp\/v2\/product_tag?post=11816"}],"curies":[{"name":"wp","href":"https:\/\/api.w.org\/{rel}","templated":true}]}}