{"id":11900,"date":"2024-09-05T10:00:10","date_gmt":"2024-09-05T10:00:10","guid":{"rendered":"https:\/\/www.polskismak.nl\/?post_type=product&#038;p=11900"},"modified":"2025-01-22T13:51:18","modified_gmt":"2025-01-22T13:51:18","slug":"goralki-mleczne","status":"publish","type":"product","link":"https:\/\/www.polskismak.nl\/index.php\/product\/goralki-mleczne\/","title":{"rendered":"G\u00f3ralki mleczne"},"content":{"rendered":"<p>Sk\u0142adniki:<\/p>\n<p>t\u0142uszcze ro\u015blinne (palmowy, kokosowy);m\u0105ka pszenna;cukier;mleko pe\u0142ne w proszku 12%;serwatka (z mleka) w proszku;polewa kakaowa 7,5% (cukier, t\u0142uszcze ro\u015blinne: palmowy, shea; kakao o obni\u017conej zawarto\u015bci t\u0142uszczu 17%, serwatka (z mleka) w proszku, emulgatory: fosfatydy amonu, polirycynooleinian poliglicerolu; aromat);skrobia kukurydziana;olej ro\u015blinny (s\u0142onecznikowy);emulgatory (lecytyny);substancje spulchniaj\u0105ce (w\u0119glany sodu);\u017c\u00f3\u0142tko jaja w proszku<\/p>\n","protected":false},"excerpt":{"rendered":"<p>Sk\u0142adniki: t\u0142uszcze ro\u015blinne (palmowy, kokosowy);m\u0105ka pszenna;cukier;mleko pe\u0142ne w proszku 12%;serwatka (z mleka) w proszku;polewa kakaowa 7,5% (cukier, t\u0142uszcze ro\u015blinne: palmowy, shea; kakao o obni\u017conej zawarto\u015bci t\u0142uszczu 17%, serwatka (z mleka) w proszku, emulgatory: fosfatydy amonu, polirycynooleinian poliglicerolu; aromat);skrobia kukurydziana;olej ro\u015blinny (s\u0142onecznikowy);emulgatory (lecytyny);substancje spulchniaj\u0105ce (w\u0119glany sodu);\u017c\u00f3\u0142tko jaja w proszku<\/p>\n","protected":false},"featured_media":11665,"template":"","meta":[],"product_brand":[],"product_cat":[107,103],"product_tag":[],"class_list":{"0":"post-11900","1":"product","2":"type-product","3":"status-publish","4":"has-post-thumbnail","6":"product_cat-batoniki-i-wafelki","7":"product_cat-slodycze-i-przekaski","9":"first","10":"instock","11":"taxable","12":"shipping-taxable","13":"purchasable","14":"product-type-simple"},"_links":{"self":[{"href":"https:\/\/www.polskismak.nl\/index.php\/wp-json\/wp\/v2\/product\/11900","targetHints":{"allow":["GET"]}}],"collection":[{"href":"https:\/\/www.polskismak.nl\/index.php\/wp-json\/wp\/v2\/product"}],"about":[{"href":"https:\/\/www.polskismak.nl\/index.php\/wp-json\/wp\/v2\/types\/product"}],"wp:featuredmedia":[{"embeddable":true,"href":"https:\/\/www.polskismak.nl\/index.php\/wp-json\/wp\/v2\/media\/11665"}],"wp:attachment":[{"href":"https:\/\/www.polskismak.nl\/index.php\/wp-json\/wp\/v2\/media?parent=11900"}],"wp:term":[{"taxonomy":"product_brand","embeddable":true,"href":"https:\/\/www.polskismak.nl\/index.php\/wp-json\/wp\/v2\/product_brand?post=11900"},{"taxonomy":"product_cat","embeddable":true,"href":"https:\/\/www.polskismak.nl\/index.php\/wp-json\/wp\/v2\/product_cat?post=11900"},{"taxonomy":"product_tag","embeddable":true,"href":"https:\/\/www.polskismak.nl\/index.php\/wp-json\/wp\/v2\/product_tag?post=11900"}],"curies":[{"name":"wp","href":"https:\/\/api.w.org\/{rel}","templated":true}]}}