{"id":11902,"date":"2024-09-05T10:03:13","date_gmt":"2024-09-05T10:03:13","guid":{"rendered":"https:\/\/www.polskismak.nl\/?post_type=product&#038;p=11902"},"modified":"2025-01-22T13:51:04","modified_gmt":"2025-01-22T13:51:04","slug":"goralki-orzechowe","status":"publish","type":"product","link":"https:\/\/www.polskismak.nl\/index.php\/product\/goralki-orzechowe\/","title":{"rendered":"G\u00f3ralki orzechowe"},"content":{"rendered":"<p>Sk\u0142ad: maka pszenna, cukier, t\u0142uszcze ro\u015blinne (palmowy, kokosowy), pra\u017cone orzechy laskowe 7,5%, polewa kakaowa 7,5% (cukier, t\u0142uszcze ro\u015blinne: palmowy, Shea; kakao 17% o obni\u017conej zawarto\u015bci t\u0142uszczu, serwatka (z mleka) w proszku, emulgatory: fosfatydy amonu, polirycynooleinian poliglicerolu, aromat), serwatka (z mleka) w proszku, maka sojowa, kakao o obni\u017conej zawarto\u015bci t\u0142uszczu, mleko odt\u0142uszczone w proszku, skrobia kukurydziana, olej ro\u015blinny (s\u0142onecznikowy), emulgatory (lecytyny), mleko pe\u0142ne w proszku, substancje spulchniaj\u0105ce (w\u0119glany sodu), \u017c\u00f3\u0142tko jaja w proszku, aromaty. Produkt mo\u017ce zawiera\u0107 orzeszki arachidowe i inne orzechy.<\/p>\n","protected":false},"excerpt":{"rendered":"<p>Sk\u0142ad: maka pszenna, cukier, t\u0142uszcze ro\u015blinne (palmowy, kokosowy), pra\u017cone orzechy laskowe 7,5%, polewa kakaowa 7,5% (cukier, t\u0142uszcze ro\u015blinne: palmowy, Shea; kakao 17% o obni\u017conej zawarto\u015bci t\u0142uszczu, serwatka (z mleka) w proszku, emulgatory: fosfatydy amonu, polirycynooleinian poliglicerolu, aromat), serwatka (z mleka) w proszku, maka sojowa, kakao o obni\u017conej zawarto\u015bci t\u0142uszczu, mleko odt\u0142uszczone w proszku, skrobia kukurydziana, [&hellip;]<\/p>\n","protected":false},"featured_media":11666,"template":"","meta":[],"product_brand":[],"product_cat":[107,103],"product_tag":[],"class_list":{"0":"post-11902","1":"product","2":"type-product","3":"status-publish","4":"has-post-thumbnail","6":"product_cat-batoniki-i-wafelki","7":"product_cat-slodycze-i-przekaski","9":"first","10":"instock","11":"taxable","12":"shipping-taxable","13":"purchasable","14":"product-type-simple"},"_links":{"self":[{"href":"https:\/\/www.polskismak.nl\/index.php\/wp-json\/wp\/v2\/product\/11902","targetHints":{"allow":["GET"]}}],"collection":[{"href":"https:\/\/www.polskismak.nl\/index.php\/wp-json\/wp\/v2\/product"}],"about":[{"href":"https:\/\/www.polskismak.nl\/index.php\/wp-json\/wp\/v2\/types\/product"}],"wp:featuredmedia":[{"embeddable":true,"href":"https:\/\/www.polskismak.nl\/index.php\/wp-json\/wp\/v2\/media\/11666"}],"wp:attachment":[{"href":"https:\/\/www.polskismak.nl\/index.php\/wp-json\/wp\/v2\/media?parent=11902"}],"wp:term":[{"taxonomy":"product_brand","embeddable":true,"href":"https:\/\/www.polskismak.nl\/index.php\/wp-json\/wp\/v2\/product_brand?post=11902"},{"taxonomy":"product_cat","embeddable":true,"href":"https:\/\/www.polskismak.nl\/index.php\/wp-json\/wp\/v2\/product_cat?post=11902"},{"taxonomy":"product_tag","embeddable":true,"href":"https:\/\/www.polskismak.nl\/index.php\/wp-json\/wp\/v2\/product_tag?post=11902"}],"curies":[{"name":"wp","href":"https:\/\/api.w.org\/{rel}","templated":true}]}}