{"id":11904,"date":"2024-09-05T10:06:45","date_gmt":"2024-09-05T10:06:45","guid":{"rendered":"https:\/\/www.polskismak.nl\/?post_type=product&#038;p=11904"},"modified":"2025-11-12T14:49:13","modified_gmt":"2025-11-12T14:49:13","slug":"ptasie-mleczko-batonik-waniliowy","status":"publish","type":"product","link":"https:\/\/www.polskismak.nl\/index.php\/product\/ptasie-mleczko-batonik-waniliowy\/","title":{"rendered":"Ptasie mleczko batonik waniliowy"},"content":{"rendered":"<p>Sk\u0142adniki:<br \/>\nczekolada deserowa 27% (cukier, miazga kakaowa, t\u0142uszcz kakaowy, t\u0142uszcz mleczny, emulgatory: lecytyny sojowe i E 476, aromat), cukier, syrop glukozowy, mas\u0142o, mleko zag\u0119szczone s\u0142odzone, roztw\u00f3r cukru inwertowanego, bia\u0142ko jaja w proszku, substancja \u017celuj\u0105ca (agar), regulator kwasowo\u015bci (kwas cytrynowy), substancja konserwuj\u0105ca (E202), aromat, naturalny aromat waniliowy<\/p>\n<p>Czekolada deserowa: masa kakaowa minimum 47%<\/p>\n<p>Tekst dotycz\u0105cy alergen\u00f3w<br \/>\nMo\u017ce zawiera\u0107 orzeszki arachidowe, orzechy, zbo\u017ca (gluten).<\/p>\n","protected":false},"excerpt":{"rendered":"<p>Sk\u0142adniki: czekolada deserowa 27% (cukier, miazga kakaowa, t\u0142uszcz kakaowy, t\u0142uszcz mleczny, emulgatory: lecytyny sojowe i E 476, aromat), cukier, syrop glukozowy, mas\u0142o, mleko zag\u0119szczone s\u0142odzone, roztw\u00f3r cukru inwertowanego, bia\u0142ko jaja w proszku, substancja \u017celuj\u0105ca (agar), regulator kwasowo\u015bci (kwas cytrynowy), substancja konserwuj\u0105ca (E202), aromat, naturalny aromat waniliowy Czekolada deserowa: masa kakaowa minimum 47% Tekst dotycz\u0105cy alergen\u00f3w [&hellip;]<\/p>\n","protected":false},"featured_media":11668,"template":"","meta":[],"product_brand":[],"product_cat":[107,103],"product_tag":[],"class_list":{"0":"post-11904","1":"product","2":"type-product","3":"status-publish","4":"has-post-thumbnail","6":"product_cat-batoniki-i-wafelki","7":"product_cat-slodycze-i-przekaski","9":"first","10":"onbackorder","11":"taxable","12":"shipping-taxable","13":"purchasable","14":"product-type-simple"},"_links":{"self":[{"href":"https:\/\/www.polskismak.nl\/index.php\/wp-json\/wp\/v2\/product\/11904","targetHints":{"allow":["GET"]}}],"collection":[{"href":"https:\/\/www.polskismak.nl\/index.php\/wp-json\/wp\/v2\/product"}],"about":[{"href":"https:\/\/www.polskismak.nl\/index.php\/wp-json\/wp\/v2\/types\/product"}],"wp:featuredmedia":[{"embeddable":true,"href":"https:\/\/www.polskismak.nl\/index.php\/wp-json\/wp\/v2\/media\/11668"}],"wp:attachment":[{"href":"https:\/\/www.polskismak.nl\/index.php\/wp-json\/wp\/v2\/media?parent=11904"}],"wp:term":[{"taxonomy":"product_brand","embeddable":true,"href":"https:\/\/www.polskismak.nl\/index.php\/wp-json\/wp\/v2\/product_brand?post=11904"},{"taxonomy":"product_cat","embeddable":true,"href":"https:\/\/www.polskismak.nl\/index.php\/wp-json\/wp\/v2\/product_cat?post=11904"},{"taxonomy":"product_tag","embeddable":true,"href":"https:\/\/www.polskismak.nl\/index.php\/wp-json\/wp\/v2\/product_tag?post=11904"}],"curies":[{"name":"wp","href":"https:\/\/api.w.org\/{rel}","templated":true}]}}