{"id":11906,"date":"2024-09-05T10:11:36","date_gmt":"2024-09-05T10:11:36","guid":{"rendered":"https:\/\/www.polskismak.nl\/?post_type=product&#038;p=11906"},"modified":"2025-11-12T14:48:07","modified_gmt":"2025-11-12T14:48:07","slug":"cini-minis-batonik","status":"publish","type":"product","link":"https:\/\/www.polskismak.nl\/index.php\/product\/cini-minis-batonik\/","title":{"rendered":"Cini Minis batonik"},"content":{"rendered":"<p>Sk\u0142adniki:<br \/>\nm\u0105ka pszenna pe\u0142noziarnista (25,9%), syrop glukozowy, mleko zag\u0119szczone s\u0142odzone (mleko, cukier) (10%), odt\u0142uszczone mleko w proszku (7,8%), p\u0142atki owsiane pe\u0142noziarniste (7,6%), cukier, syrop cukru inwertowanego, substancje utrzymuj\u0105ce wilgo\u0107 (sorbitole, glicerol), olej s\u0142onecznikowy, m\u0105ka ry\u017cowa (5,2%), t\u0142uszcz kokosowy, maltodekstryna, substancja wzbogacaj\u0105ca (sk\u0142adnik mineralny: wap\u0144), skrobia kukurydziana, s\u00f3l, m\u0105ka kukurydziana (0,5%), t\u0142uszcz kakaowy, emulgator (lecytyny s\u0142onecznikowe), aromat naturalny, przeciwutleniacz (mieszanina tokoferoli), cynamon, ekstrakt s\u0142odowy j\u0119czmienny ciemny, barwniki (beta-karoten, annato), substancje wzbogacaj\u0105ce (witaminy: B3, B5, B2, B6, B9)<\/p>\n<p>% &#8211; odnosi si\u0119 do zawarto\u015bci sk\u0142adnika w ca\u0142ym produkcie<\/p>\n<p>Tekst dotycz\u0105cy alergen\u00f3w<br \/>\nMo\u017ce zawiera\u0107 soj\u0119 i orzechy.<\/p>\n","protected":false},"excerpt":{"rendered":"<p>Sk\u0142adniki: m\u0105ka pszenna pe\u0142noziarnista (25,9%), syrop glukozowy, mleko zag\u0119szczone s\u0142odzone (mleko, cukier) (10%), odt\u0142uszczone mleko w proszku (7,8%), p\u0142atki owsiane pe\u0142noziarniste (7,6%), cukier, syrop cukru inwertowanego, substancje utrzymuj\u0105ce wilgo\u0107 (sorbitole, glicerol), olej s\u0142onecznikowy, m\u0105ka ry\u017cowa (5,2%), t\u0142uszcz kokosowy, maltodekstryna, substancja wzbogacaj\u0105ca (sk\u0142adnik mineralny: wap\u0144), skrobia kukurydziana, s\u00f3l, m\u0105ka kukurydziana (0,5%), t\u0142uszcz kakaowy, emulgator (lecytyny s\u0142onecznikowe), [&hellip;]<\/p>\n","protected":false},"featured_media":11669,"template":"","meta":[],"product_brand":[],"product_cat":[107,103],"product_tag":[],"class_list":{"0":"post-11906","1":"product","2":"type-product","3":"status-publish","4":"has-post-thumbnail","6":"product_cat-batoniki-i-wafelki","7":"product_cat-slodycze-i-przekaski","9":"first","10":"instock","11":"taxable","12":"shipping-taxable","13":"purchasable","14":"product-type-simple"},"_links":{"self":[{"href":"https:\/\/www.polskismak.nl\/index.php\/wp-json\/wp\/v2\/product\/11906","targetHints":{"allow":["GET"]}}],"collection":[{"href":"https:\/\/www.polskismak.nl\/index.php\/wp-json\/wp\/v2\/product"}],"about":[{"href":"https:\/\/www.polskismak.nl\/index.php\/wp-json\/wp\/v2\/types\/product"}],"wp:featuredmedia":[{"embeddable":true,"href":"https:\/\/www.polskismak.nl\/index.php\/wp-json\/wp\/v2\/media\/11669"}],"wp:attachment":[{"href":"https:\/\/www.polskismak.nl\/index.php\/wp-json\/wp\/v2\/media?parent=11906"}],"wp:term":[{"taxonomy":"product_brand","embeddable":true,"href":"https:\/\/www.polskismak.nl\/index.php\/wp-json\/wp\/v2\/product_brand?post=11906"},{"taxonomy":"product_cat","embeddable":true,"href":"https:\/\/www.polskismak.nl\/index.php\/wp-json\/wp\/v2\/product_cat?post=11906"},{"taxonomy":"product_tag","embeddable":true,"href":"https:\/\/www.polskismak.nl\/index.php\/wp-json\/wp\/v2\/product_tag?post=11906"}],"curies":[{"name":"wp","href":"https:\/\/api.w.org\/{rel}","templated":true}]}}