{"id":11910,"date":"2024-09-05T10:18:55","date_gmt":"2024-09-05T10:18:55","guid":{"rendered":"https:\/\/www.polskismak.nl\/?post_type=product&#038;p=11910"},"modified":"2025-11-12T14:47:28","modified_gmt":"2025-11-12T14:47:28","slug":"pawelek-advocat","status":"publish","type":"product","link":"https:\/\/www.polskismak.nl\/index.php\/product\/pawelek-advocat\/","title":{"rendered":"Pawe\u0142ek Advocat"},"content":{"rendered":"<p>Sk\u0142adniki<br \/>\nczekolada deserowa 50 % (cukier, miazga kakaowa, kakao o obni\u017conej zawarto\u015bci t\u0142uszczu, t\u0142uszcz kakaowy, t\u0142uszcz mleczny, emulgatory: lecytyny sojowe i E 476, s\u00f3l, aromat), cukier, mleko zag\u0119szczone s\u0142odzone (mleko, cukier), t\u0142uszcz ro\u015blinny (palmowy), syrop glukozowy, alkohol etylowy (2,4 %), mleko pe\u0142ne w proszku, serwatka w proszku (z mleka), aromaty, substancja utrzymuj\u0105ca wilgo\u0107 (inwertaza), emulgatory (lecytyny sojowe), barwnik (kurkumina)<\/p>\n<p>Czekolada deserowa: masa kakaowa minimum 50 %<\/p>\n<p>Tekst dotycz\u0105cy alergen\u00f3w<br \/>\nMo\u017ce zawiera\u0107 orzeszki arachidowe, orzechy, zbo\u017ca (gluten), jaja.<\/p>\n","protected":false},"excerpt":{"rendered":"<p>Sk\u0142adniki czekolada deserowa 50 % (cukier, miazga kakaowa, kakao o obni\u017conej zawarto\u015bci t\u0142uszczu, t\u0142uszcz kakaowy, t\u0142uszcz mleczny, emulgatory: lecytyny sojowe i E 476, s\u00f3l, aromat), cukier, mleko zag\u0119szczone s\u0142odzone (mleko, cukier), t\u0142uszcz ro\u015blinny (palmowy), syrop glukozowy, alkohol etylowy (2,4 %), mleko pe\u0142ne w proszku, serwatka w proszku (z mleka), aromaty, substancja utrzymuj\u0105ca wilgo\u0107 (inwertaza), emulgatory [&hellip;]<\/p>\n","protected":false},"featured_media":11671,"template":"","meta":[],"product_brand":[],"product_cat":[107,103],"product_tag":[],"class_list":{"0":"post-11910","1":"product","2":"type-product","3":"status-publish","4":"has-post-thumbnail","6":"product_cat-batoniki-i-wafelki","7":"product_cat-slodycze-i-przekaski","9":"first","10":"instock","11":"taxable","12":"shipping-taxable","13":"purchasable","14":"product-type-simple"},"_links":{"self":[{"href":"https:\/\/www.polskismak.nl\/index.php\/wp-json\/wp\/v2\/product\/11910","targetHints":{"allow":["GET"]}}],"collection":[{"href":"https:\/\/www.polskismak.nl\/index.php\/wp-json\/wp\/v2\/product"}],"about":[{"href":"https:\/\/www.polskismak.nl\/index.php\/wp-json\/wp\/v2\/types\/product"}],"wp:featuredmedia":[{"embeddable":true,"href":"https:\/\/www.polskismak.nl\/index.php\/wp-json\/wp\/v2\/media\/11671"}],"wp:attachment":[{"href":"https:\/\/www.polskismak.nl\/index.php\/wp-json\/wp\/v2\/media?parent=11910"}],"wp:term":[{"taxonomy":"product_brand","embeddable":true,"href":"https:\/\/www.polskismak.nl\/index.php\/wp-json\/wp\/v2\/product_brand?post=11910"},{"taxonomy":"product_cat","embeddable":true,"href":"https:\/\/www.polskismak.nl\/index.php\/wp-json\/wp\/v2\/product_cat?post=11910"},{"taxonomy":"product_tag","embeddable":true,"href":"https:\/\/www.polskismak.nl\/index.php\/wp-json\/wp\/v2\/product_tag?post=11910"}],"curies":[{"name":"wp","href":"https:\/\/api.w.org\/{rel}","templated":true}]}}