{"id":11912,"date":"2024-09-06T12:52:57","date_gmt":"2024-09-06T12:52:57","guid":{"rendered":"https:\/\/www.polskismak.nl\/?post_type=product&#038;p=11912"},"modified":"2025-11-12T14:47:17","modified_gmt":"2025-11-12T14:47:17","slug":"7days-double-super-max-wanilia-wisnia","status":"publish","type":"product","link":"https:\/\/www.polskismak.nl\/index.php\/product\/7days-double-super-max-wanilia-wisnia\/","title":{"rendered":"7days double super MAX wanilia, wi\u015bnia"},"content":{"rendered":"<p>Sk\u0142adniki<br \/>\nCiasto: m\u0105ka pszenna, oleje ro\u015blinne (olej palmowy, olej s\u0142onecznikowy), cukier, syrop glukozowo-fruktozowy, dro\u017cd\u017ce, s\u00f3l, stabilizator (mono- i diglicerydy kwas\u00f3w t\u0142uszczowych), wanilina, regulator kwasowo\u015bci (kwas cytrynowy), substancje konserwuj\u0105ce (propionian wapnia, sorbinian potasu)<\/p>\n<p>Nadzienie o smaku waniliowym 17 %: cukier, olej palmowy, mleko w proszku odt\u0142uszczone, dekstroza, alkohol etylowy, \u017c\u00f3\u0142tko jaja w proszku, emulgator (estry kwas\u00f3w t\u0142uszczowych i poliglicerolu), stabilizator (guma celulozowa), regulatory kwasowosci (difosforan disodowy, kwas fosforowy), aromat waniliowy, substancja konserwuj\u0105ca (sorbinian potasu), laktoza (z mleka)<\/p>\n<p>Nadzienie wi\u015bniowe 11 %: syrop glukozowo-fruktozowy, wi\u015bnie, cukier, substancja \u017celuj\u0105ca (pektyna), regulator kwasowo\u015bci (kwas cytrynowy), aromat, substancja konserwuj\u0105ca (sorbinian potasu)<\/p>\n<p>Nadzienie wi\u015bniowe zawiera 30 % wi\u015bni<\/p>\n<p>Tekst dotycz\u0105cy alergen\u00f3w<br \/>\nMo\u017ce zawiera\u0107: orzeszki ziemne, orzechy laskowe, migda\u0142y, pistacje, orzeszki pekan, nasiona sezamu, seler.<\/p>\n","protected":false},"excerpt":{"rendered":"<p>Sk\u0142adniki Ciasto: m\u0105ka pszenna, oleje ro\u015blinne (olej palmowy, olej s\u0142onecznikowy), cukier, syrop glukozowo-fruktozowy, dro\u017cd\u017ce, s\u00f3l, stabilizator (mono- i diglicerydy kwas\u00f3w t\u0142uszczowych), wanilina, regulator kwasowo\u015bci (kwas cytrynowy), substancje konserwuj\u0105ce (propionian wapnia, sorbinian potasu) Nadzienie o smaku waniliowym 17 %: cukier, olej palmowy, mleko w proszku odt\u0142uszczone, dekstroza, alkohol etylowy, \u017c\u00f3\u0142tko jaja w proszku, emulgator (estry kwas\u00f3w [&hellip;]<\/p>\n","protected":false},"featured_media":11672,"template":"","meta":[],"product_brand":[],"product_cat":[103],"product_tag":[],"class_list":{"0":"post-11912","1":"product","2":"type-product","3":"status-publish","4":"has-post-thumbnail","6":"product_cat-slodycze-i-przekaski","8":"first","9":"instock","10":"taxable","11":"shipping-taxable","12":"purchasable","13":"product-type-simple"},"_links":{"self":[{"href":"https:\/\/www.polskismak.nl\/index.php\/wp-json\/wp\/v2\/product\/11912","targetHints":{"allow":["GET"]}}],"collection":[{"href":"https:\/\/www.polskismak.nl\/index.php\/wp-json\/wp\/v2\/product"}],"about":[{"href":"https:\/\/www.polskismak.nl\/index.php\/wp-json\/wp\/v2\/types\/product"}],"wp:featuredmedia":[{"embeddable":true,"href":"https:\/\/www.polskismak.nl\/index.php\/wp-json\/wp\/v2\/media\/11672"}],"wp:attachment":[{"href":"https:\/\/www.polskismak.nl\/index.php\/wp-json\/wp\/v2\/media?parent=11912"}],"wp:term":[{"taxonomy":"product_brand","embeddable":true,"href":"https:\/\/www.polskismak.nl\/index.php\/wp-json\/wp\/v2\/product_brand?post=11912"},{"taxonomy":"product_cat","embeddable":true,"href":"https:\/\/www.polskismak.nl\/index.php\/wp-json\/wp\/v2\/product_cat?post=11912"},{"taxonomy":"product_tag","embeddable":true,"href":"https:\/\/www.polskismak.nl\/index.php\/wp-json\/wp\/v2\/product_tag?post=11912"}],"curies":[{"name":"wp","href":"https:\/\/api.w.org\/{rel}","templated":true}]}}