{"id":11917,"date":"2024-09-06T12:59:35","date_gmt":"2024-09-06T12:59:35","guid":{"rendered":"https:\/\/www.polskismak.nl\/?post_type=product&#038;p=11917"},"modified":"2025-11-12T14:46:40","modified_gmt":"2025-11-12T14:46:40","slug":"7days-double-max-kakao","status":"publish","type":"product","link":"https:\/\/www.polskismak.nl\/index.php\/product\/7days-double-max-kakao\/","title":{"rendered":"7days Double MAX kakao"},"content":{"rendered":"<p>Sk\u0142adniki<br \/>\nCiasto: m\u0105ka pszenna, oleje ro\u015blinne (olej palmowy, olej s\u0142onecznikowy), cukier, syrop glukozowo-fruktozowy, dro\u017cd\u017ce, s\u00f3l, stabilizator (mono- i diglicerydy kwas\u00f3w t\u0142uszczowych), wanilina, regulator kwasowo\u015bci (kwas cytrynowy), substancje konserwuj\u0105ce (propionian wapnia, sorbinian potasu)<\/p>\n<p>Nadzienie kakaowe 28 %: cukier, olej palmowy, kakao w proszku o obni\u017conej zawarto\u015bci t\u0142uszczu, mleko w proszku odt\u0142uszczone, alkohol etylowy, emulgator (estry kwas\u00f3w t\u0142uszczowych i poliglicerolu), wanilina, substancja \u017celuj\u0105ca (alginian sodu), substancja konserwuj\u0105ca (sorbinian potasu)<\/p>\n<p>Nadzienie kakaowe zawiera 7 % kakao w proszku o obni\u017conej zawarto\u015bci t\u0142uszczu<\/p>\n<p>Tekst dotycz\u0105cy alergen\u00f3w<br \/>\nMo\u017ce zawiera\u0107: jaja, orzeszki ziemne, orzechy laskowe, migda\u0142y, pistacje, orzeszki pekan, nasiona sezamu, seler.<\/p>\n","protected":false},"excerpt":{"rendered":"<p>Sk\u0142adniki Ciasto: m\u0105ka pszenna, oleje ro\u015blinne (olej palmowy, olej s\u0142onecznikowy), cukier, syrop glukozowo-fruktozowy, dro\u017cd\u017ce, s\u00f3l, stabilizator (mono- i diglicerydy kwas\u00f3w t\u0142uszczowych), wanilina, regulator kwasowo\u015bci (kwas cytrynowy), substancje konserwuj\u0105ce (propionian wapnia, sorbinian potasu) Nadzienie kakaowe 28 %: cukier, olej palmowy, kakao w proszku o obni\u017conej zawarto\u015bci t\u0142uszczu, mleko w proszku odt\u0142uszczone, alkohol etylowy, emulgator (estry kwas\u00f3w [&hellip;]<\/p>\n","protected":false},"featured_media":11675,"template":"","meta":[],"product_brand":[],"product_cat":[103],"product_tag":[],"class_list":{"0":"post-11917","1":"product","2":"type-product","3":"status-publish","4":"has-post-thumbnail","6":"product_cat-slodycze-i-przekaski","8":"first","9":"instock","10":"taxable","11":"shipping-taxable","12":"purchasable","13":"product-type-simple"},"_links":{"self":[{"href":"https:\/\/www.polskismak.nl\/index.php\/wp-json\/wp\/v2\/product\/11917","targetHints":{"allow":["GET"]}}],"collection":[{"href":"https:\/\/www.polskismak.nl\/index.php\/wp-json\/wp\/v2\/product"}],"about":[{"href":"https:\/\/www.polskismak.nl\/index.php\/wp-json\/wp\/v2\/types\/product"}],"wp:featuredmedia":[{"embeddable":true,"href":"https:\/\/www.polskismak.nl\/index.php\/wp-json\/wp\/v2\/media\/11675"}],"wp:attachment":[{"href":"https:\/\/www.polskismak.nl\/index.php\/wp-json\/wp\/v2\/media?parent=11917"}],"wp:term":[{"taxonomy":"product_brand","embeddable":true,"href":"https:\/\/www.polskismak.nl\/index.php\/wp-json\/wp\/v2\/product_brand?post=11917"},{"taxonomy":"product_cat","embeddable":true,"href":"https:\/\/www.polskismak.nl\/index.php\/wp-json\/wp\/v2\/product_cat?post=11917"},{"taxonomy":"product_tag","embeddable":true,"href":"https:\/\/www.polskismak.nl\/index.php\/wp-json\/wp\/v2\/product_tag?post=11917"}],"curies":[{"name":"wp","href":"https:\/\/api.w.org\/{rel}","templated":true}]}}