{"id":11933,"date":"2024-09-06T14:43:47","date_gmt":"2024-09-06T14:43:47","guid":{"rendered":"https:\/\/www.polskismak.nl\/?post_type=product&#038;p=11933"},"modified":"2025-11-12T14:44:28","modified_gmt":"2025-11-12T14:44:28","slug":"corn-flakes-600g","status":"publish","type":"product","link":"https:\/\/www.polskismak.nl\/index.php\/product\/corn-flakes-600g\/","title":{"rendered":"Corn Flakes 600g"},"content":{"rendered":"<p>Sk\u0142adniki:<br \/>\ngrys kukurydziany, cukier, s\u00f3l, syrop cukru inwertowanego, melasa, substancje wzbogacaj\u0105ce: witaminy (B3, B5, B2, B6, B9)<\/p>\n<p>Do wytworzenia 100 g produktu gotowego u\u017cyto 100,5 g grysu kukurydzianego<\/p>\n<p>Tekst dotycz\u0105cy alergen\u00f3w<br \/>\nMo\u017ce zawiera\u0107 ORZESZKI ZIEMNE i ORZECHY. PRODUKT BEZGLUTENOWY.<\/p>\n","protected":false},"excerpt":{"rendered":"<p>Sk\u0142adniki: grys kukurydziany, cukier, s\u00f3l, syrop cukru inwertowanego, melasa, substancje wzbogacaj\u0105ce: witaminy (B3, B5, B2, B6, B9) Do wytworzenia 100 g produktu gotowego u\u017cyto 100,5 g grysu kukurydzianego Tekst dotycz\u0105cy alergen\u00f3w Mo\u017ce zawiera\u0107 ORZESZKI ZIEMNE i ORZECHY. PRODUKT BEZGLUTENOWY.<\/p>\n","protected":false},"featured_media":11682,"template":"","meta":[],"product_brand":[],"product_cat":[136,139],"product_tag":[],"class_list":{"0":"post-11933","1":"product","2":"type-product","3":"status-publish","4":"has-post-thumbnail","6":"product_cat-produkty-sypkie","7":"product_cat-platki","9":"first","10":"instock","11":"taxable","12":"shipping-taxable","13":"purchasable","14":"product-type-simple"},"_links":{"self":[{"href":"https:\/\/www.polskismak.nl\/index.php\/wp-json\/wp\/v2\/product\/11933","targetHints":{"allow":["GET"]}}],"collection":[{"href":"https:\/\/www.polskismak.nl\/index.php\/wp-json\/wp\/v2\/product"}],"about":[{"href":"https:\/\/www.polskismak.nl\/index.php\/wp-json\/wp\/v2\/types\/product"}],"wp:featuredmedia":[{"embeddable":true,"href":"https:\/\/www.polskismak.nl\/index.php\/wp-json\/wp\/v2\/media\/11682"}],"wp:attachment":[{"href":"https:\/\/www.polskismak.nl\/index.php\/wp-json\/wp\/v2\/media?parent=11933"}],"wp:term":[{"taxonomy":"product_brand","embeddable":true,"href":"https:\/\/www.polskismak.nl\/index.php\/wp-json\/wp\/v2\/product_brand?post=11933"},{"taxonomy":"product_cat","embeddable":true,"href":"https:\/\/www.polskismak.nl\/index.php\/wp-json\/wp\/v2\/product_cat?post=11933"},{"taxonomy":"product_tag","embeddable":true,"href":"https:\/\/www.polskismak.nl\/index.php\/wp-json\/wp\/v2\/product_tag?post=11933"}],"curies":[{"name":"wp","href":"https:\/\/api.w.org\/{rel}","templated":true}]}}