{"id":11966,"date":"2024-09-11T11:58:48","date_gmt":"2024-09-11T11:58:48","guid":{"rendered":"https:\/\/www.polskismak.nl\/?post_type=product&#038;p=11966"},"modified":"2025-11-12T14:43:46","modified_gmt":"2025-11-12T14:43:46","slug":"crunchy-banan-i-czekolada","status":"publish","type":"product","link":"https:\/\/www.polskismak.nl\/index.php\/product\/crunchy-banan-i-czekolada\/","title":{"rendered":"Crunchy  banan i czekolada"},"content":{"rendered":"<p>Sk\u0142adniki:<br \/>\nprodukty pochodz\u0105ce ze zb\u00f3\u017c (pe\u0142noziarniste p\u0142atki owsiane 43,8 %, m\u0105ka 8,6 %: j\u0119czmienna, kukurydziana; grys kukurydziany 1,4 %), mieszanka owoc\u00f3w suszonych 16 % [chips bananowy 9 % (banan, olej kokosowy, cukier trzcinowy), rodzynka (rodzynka, olej ro\u015blinny: olej bawe\u0142niany lub\/i olej s\u0142onecznikowy lub\/i olej rzepakowy)], cukier trzcinowy, t\u0142uszcz palmowy nieutwardzony, czekolada 6 % (cukier, miazga kakaowa, t\u0142uszcz kakaowy, emulgator: lecytyny (z soi); naturalny aromat waniliowy), syrop glukozowy, melasa trzcinowa, s\u00f3l morska, emulgator: lecytyny (z soi), aromat<\/p>\n<p>Tekst dotycz\u0105cy alergen\u00f3w<br \/>\nProdukt mo\u017ce zawiera\u0107 mleko, orzeszki arachidowe oraz orzechy.<\/p>\n","protected":false},"excerpt":{"rendered":"<p>Sk\u0142adniki: produkty pochodz\u0105ce ze zb\u00f3\u017c (pe\u0142noziarniste p\u0142atki owsiane 43,8 %, m\u0105ka 8,6 %: j\u0119czmienna, kukurydziana; grys kukurydziany 1,4 %), mieszanka owoc\u00f3w suszonych 16 % [chips bananowy 9 % (banan, olej kokosowy, cukier trzcinowy), rodzynka (rodzynka, olej ro\u015blinny: olej bawe\u0142niany lub\/i olej s\u0142onecznikowy lub\/i olej rzepakowy)], cukier trzcinowy, t\u0142uszcz palmowy nieutwardzony, czekolada 6 % (cukier, miazga [&hellip;]<\/p>\n","protected":false},"featured_media":11687,"template":"","meta":[],"product_brand":[],"product_cat":[136,139],"product_tag":[],"class_list":{"0":"post-11966","1":"product","2":"type-product","3":"status-publish","4":"has-post-thumbnail","6":"product_cat-produkty-sypkie","7":"product_cat-platki","9":"first","10":"outofstock","11":"taxable","12":"shipping-taxable","13":"purchasable","14":"product-type-simple"},"_links":{"self":[{"href":"https:\/\/www.polskismak.nl\/index.php\/wp-json\/wp\/v2\/product\/11966","targetHints":{"allow":["GET"]}}],"collection":[{"href":"https:\/\/www.polskismak.nl\/index.php\/wp-json\/wp\/v2\/product"}],"about":[{"href":"https:\/\/www.polskismak.nl\/index.php\/wp-json\/wp\/v2\/types\/product"}],"wp:featuredmedia":[{"embeddable":true,"href":"https:\/\/www.polskismak.nl\/index.php\/wp-json\/wp\/v2\/media\/11687"}],"wp:attachment":[{"href":"https:\/\/www.polskismak.nl\/index.php\/wp-json\/wp\/v2\/media?parent=11966"}],"wp:term":[{"taxonomy":"product_brand","embeddable":true,"href":"https:\/\/www.polskismak.nl\/index.php\/wp-json\/wp\/v2\/product_brand?post=11966"},{"taxonomy":"product_cat","embeddable":true,"href":"https:\/\/www.polskismak.nl\/index.php\/wp-json\/wp\/v2\/product_cat?post=11966"},{"taxonomy":"product_tag","embeddable":true,"href":"https:\/\/www.polskismak.nl\/index.php\/wp-json\/wp\/v2\/product_tag?post=11966"}],"curies":[{"name":"wp","href":"https:\/\/api.w.org\/{rel}","templated":true}]}}