{"id":11970,"date":"2024-09-11T12:04:04","date_gmt":"2024-09-11T12:04:04","guid":{"rendered":"https:\/\/www.polskismak.nl\/?post_type=product&#038;p=11970"},"modified":"2025-01-22T13:12:43","modified_gmt":"2025-01-22T13:12:43","slug":"tygryski-chrupki-kukurydziane","status":"publish","type":"product","link":"https:\/\/www.polskismak.nl\/index.php\/product\/tygryski-chrupki-kukurydziane\/","title":{"rendered":"Tygryski chrupki kukurydziane"},"content":{"rendered":"<p>Sk\u0142adniki<br \/>\nkasza kukurydziana<\/p>\n<p>Tekst dotycz\u0105cy alergen\u00f3w<br \/>\nProdukt mo\u017ce zawiera\u0107 orzeszki arachidowe, soj\u0119, mleko.<\/p>\n<p>O\u015bwiadczenia \u017cywieniowe<br \/>\nbez dodatku soli i cukr\u00f3w &#8211; zawiera naturalnie wyst\u0119puj\u0105ce cukry i s\u00f3l<\/p>\n<p>Informacje dot. stylu \u017cycia<br \/>\nBezglutenowy<\/p>\n<p>Bez dodatku soli<\/p>\n<p>Bez dodatku cukru<\/p>\n","protected":false},"excerpt":{"rendered":"<p>Sk\u0142adniki kasza kukurydziana Tekst dotycz\u0105cy alergen\u00f3w Produkt mo\u017ce zawiera\u0107 orzeszki arachidowe, soj\u0119, mleko. O\u015bwiadczenia \u017cywieniowe bez dodatku soli i cukr\u00f3w &#8211; zawiera naturalnie wyst\u0119puj\u0105ce cukry i s\u00f3l Informacje dot. stylu \u017cycia Bezglutenowy Bez dodatku soli Bez dodatku cukru<\/p>\n","protected":false},"featured_media":11749,"template":"","meta":[],"product_brand":[],"product_cat":[103],"product_tag":[],"class_list":{"0":"post-11970","1":"product","2":"type-product","3":"status-publish","4":"has-post-thumbnail","6":"product_cat-slodycze-i-przekaski","8":"first","9":"instock","10":"taxable","11":"shipping-taxable","12":"purchasable","13":"product-type-simple"},"_links":{"self":[{"href":"https:\/\/www.polskismak.nl\/index.php\/wp-json\/wp\/v2\/product\/11970","targetHints":{"allow":["GET"]}}],"collection":[{"href":"https:\/\/www.polskismak.nl\/index.php\/wp-json\/wp\/v2\/product"}],"about":[{"href":"https:\/\/www.polskismak.nl\/index.php\/wp-json\/wp\/v2\/types\/product"}],"wp:featuredmedia":[{"embeddable":true,"href":"https:\/\/www.polskismak.nl\/index.php\/wp-json\/wp\/v2\/media\/11749"}],"wp:attachment":[{"href":"https:\/\/www.polskismak.nl\/index.php\/wp-json\/wp\/v2\/media?parent=11970"}],"wp:term":[{"taxonomy":"product_brand","embeddable":true,"href":"https:\/\/www.polskismak.nl\/index.php\/wp-json\/wp\/v2\/product_brand?post=11970"},{"taxonomy":"product_cat","embeddable":true,"href":"https:\/\/www.polskismak.nl\/index.php\/wp-json\/wp\/v2\/product_cat?post=11970"},{"taxonomy":"product_tag","embeddable":true,"href":"https:\/\/www.polskismak.nl\/index.php\/wp-json\/wp\/v2\/product_tag?post=11970"}],"curies":[{"name":"wp","href":"https:\/\/api.w.org\/{rel}","templated":true}]}}