{"id":11974,"date":"2024-09-11T12:08:28","date_gmt":"2024-09-11T12:08:28","guid":{"rendered":"https:\/\/www.polskismak.nl\/?post_type=product&#038;p=11974"},"modified":"2025-11-12T14:42:33","modified_gmt":"2025-11-12T14:42:33","slug":"tygryski-chrupki-kukurydziane-o-smaku-jablkowym","status":"publish","type":"product","link":"https:\/\/www.polskismak.nl\/index.php\/product\/tygryski-chrupki-kukurydziane-o-smaku-jablkowym\/","title":{"rendered":"Tygryski chrupki kukurydziane o smaku jab\u0142kowym"},"content":{"rendered":"<p>Sk\u0142ad:<br \/>\nSk\u0142adniki: 65% kasza kukurydziana, 35% krem o smaku jab\u0142kowym: olej rzepakowy, olej kokosowy w zmiennych proporcjach, cukier puder, 1,3% zag\u0119szczony sok jab\u0142kowy, odt\u0142uszczone mleko w proszku, serwatka w proszku (z mleka), naturalny aromat jab\u0142kowy  z innymi naturalnymi aromatami, koncentrat za spiruliny, koncentrat z krokosza barwie\u0144skiego, koncentraty owocowe (cytrynowy, jab\u0142kowy), regulator kwasowo\u015bci: kwas cytrynowy; dekstroza, emulgator: mono- i diglicerydy kwas\u00f3w t\u0142uszczowych, lecytyna (sojowa).<\/p>\n<p>Produkt mo\u017ce zawiera\u0107 orzeszki arachidowe.<\/p>\n","protected":false},"excerpt":{"rendered":"<p>Sk\u0142ad: Sk\u0142adniki: 65% kasza kukurydziana, 35% krem o smaku jab\u0142kowym: olej rzepakowy, olej kokosowy w zmiennych proporcjach, cukier puder, 1,3% zag\u0119szczony sok jab\u0142kowy, odt\u0142uszczone mleko w proszku, serwatka w proszku (z mleka), naturalny aromat jab\u0142kowy z innymi naturalnymi aromatami, koncentrat za spiruliny, koncentrat z krokosza barwie\u0144skiego, koncentraty owocowe (cytrynowy, jab\u0142kowy), regulator kwasowo\u015bci: kwas cytrynowy; dekstroza, [&hellip;]<\/p>\n","protected":false},"featured_media":11751,"template":"","meta":[],"product_brand":[],"product_cat":[103],"product_tag":[],"class_list":{"0":"post-11974","1":"product","2":"type-product","3":"status-publish","4":"has-post-thumbnail","6":"product_cat-slodycze-i-przekaski","8":"first","9":"onbackorder","10":"taxable","11":"shipping-taxable","12":"purchasable","13":"product-type-simple"},"_links":{"self":[{"href":"https:\/\/www.polskismak.nl\/index.php\/wp-json\/wp\/v2\/product\/11974","targetHints":{"allow":["GET"]}}],"collection":[{"href":"https:\/\/www.polskismak.nl\/index.php\/wp-json\/wp\/v2\/product"}],"about":[{"href":"https:\/\/www.polskismak.nl\/index.php\/wp-json\/wp\/v2\/types\/product"}],"wp:featuredmedia":[{"embeddable":true,"href":"https:\/\/www.polskismak.nl\/index.php\/wp-json\/wp\/v2\/media\/11751"}],"wp:attachment":[{"href":"https:\/\/www.polskismak.nl\/index.php\/wp-json\/wp\/v2\/media?parent=11974"}],"wp:term":[{"taxonomy":"product_brand","embeddable":true,"href":"https:\/\/www.polskismak.nl\/index.php\/wp-json\/wp\/v2\/product_brand?post=11974"},{"taxonomy":"product_cat","embeddable":true,"href":"https:\/\/www.polskismak.nl\/index.php\/wp-json\/wp\/v2\/product_cat?post=11974"},{"taxonomy":"product_tag","embeddable":true,"href":"https:\/\/www.polskismak.nl\/index.php\/wp-json\/wp\/v2\/product_tag?post=11974"}],"curies":[{"name":"wp","href":"https:\/\/api.w.org\/{rel}","templated":true}]}}