{"id":11978,"date":"2024-09-11T12:13:43","date_gmt":"2024-09-11T12:13:43","guid":{"rendered":"https:\/\/www.polskismak.nl\/?post_type=product&#038;p=11978"},"modified":"2025-01-22T13:08:18","modified_gmt":"2025-01-22T13:08:18","slug":"biszkopty","status":"publish","type":"product","link":"https:\/\/www.polskismak.nl\/index.php\/product\/biszkopty\/","title":{"rendered":"Biszkopty"},"content":{"rendered":"<p>Sk\u0142adniki<br \/>\nm\u0105ka pszenna 45 %, cukier, jaja 27 %, syrop glukozowo-fruktozowy, skrobia ziemniaczana, olej rzepakowy, s\u00f3l, substancja spulchniaj\u0105ca (w\u0119glany amonu), aromat, emulgator (mono- i diglicerydy kwas\u00f3w t\u0142uszczowych), barwnik (karoteny)<\/p>\n","protected":false},"excerpt":{"rendered":"<p>Sk\u0142adniki m\u0105ka pszenna 45 %, cukier, jaja 27 %, syrop glukozowo-fruktozowy, skrobia ziemniaczana, olej rzepakowy, s\u00f3l, substancja spulchniaj\u0105ca (w\u0119glany amonu), aromat, emulgator (mono- i diglicerydy kwas\u00f3w t\u0142uszczowych), barwnik (karoteny)<\/p>\n","protected":false},"featured_media":11690,"template":"","meta":[],"product_brand":[],"product_cat":[104,103],"product_tag":[],"class_list":{"0":"post-11978","1":"product","2":"type-product","3":"status-publish","4":"has-post-thumbnail","6":"product_cat-ciastka-i-pierniki","7":"product_cat-slodycze-i-przekaski","9":"first","10":"instock","11":"taxable","12":"shipping-taxable","13":"purchasable","14":"product-type-simple"},"_links":{"self":[{"href":"https:\/\/www.polskismak.nl\/index.php\/wp-json\/wp\/v2\/product\/11978","targetHints":{"allow":["GET"]}}],"collection":[{"href":"https:\/\/www.polskismak.nl\/index.php\/wp-json\/wp\/v2\/product"}],"about":[{"href":"https:\/\/www.polskismak.nl\/index.php\/wp-json\/wp\/v2\/types\/product"}],"wp:featuredmedia":[{"embeddable":true,"href":"https:\/\/www.polskismak.nl\/index.php\/wp-json\/wp\/v2\/media\/11690"}],"wp:attachment":[{"href":"https:\/\/www.polskismak.nl\/index.php\/wp-json\/wp\/v2\/media?parent=11978"}],"wp:term":[{"taxonomy":"product_brand","embeddable":true,"href":"https:\/\/www.polskismak.nl\/index.php\/wp-json\/wp\/v2\/product_brand?post=11978"},{"taxonomy":"product_cat","embeddable":true,"href":"https:\/\/www.polskismak.nl\/index.php\/wp-json\/wp\/v2\/product_cat?post=11978"},{"taxonomy":"product_tag","embeddable":true,"href":"https:\/\/www.polskismak.nl\/index.php\/wp-json\/wp\/v2\/product_tag?post=11978"}],"curies":[{"name":"wp","href":"https:\/\/api.w.org\/{rel}","templated":true}]}}