{"id":11986,"date":"2024-09-11T12:38:18","date_gmt":"2024-09-11T12:38:18","guid":{"rendered":"https:\/\/www.polskismak.nl\/?post_type=product&#038;p=11986"},"modified":"2025-01-22T13:06:10","modified_gmt":"2025-01-22T13:06:10","slug":"bobovita-kasza-mleczno-zbozowa-4-owoce","status":"publish","type":"product","link":"https:\/\/www.polskismak.nl\/index.php\/product\/bobovita-kasza-mleczno-zbozowa-4-owoce\/","title":{"rendered":"Bobovita kasza mleczno-zbo\u017cowa 4 owoce"},"content":{"rendered":"<p>Sk\u0142adniki<br \/>\nm\u0105ki pe\u0142noziarniste 38,4 % (pszenna 36 %, owsiana 0,8 %, \u017cytnia 0,8 %, z pszenicy orkisz 0,8 %), odt\u0142uszczone mleko w proszku 22,4 %, odmineralizowana serwatka w proszku (z mleka) 11 %, cukier, oleje ro\u015blinne (s\u0142onecznikowy, rzepakowy, wysokooleinowy s\u0142onecznikowy, kokosowy), p\u0142atki bananowe 3 %, proszek jab\u0142kowy 2 %, witaminy i sk\u0142adniki mineralne (C, E, A, D, biotyna, tiamina, B6, wap\u0144, \u017celazo, jod), m\u0105ka jaglana 0,8 %, m\u0105ka ry\u017cowa 0,8 %, m\u0105ka gryczana 0,8 %, p\u0142atki pomara\u0144czy 0,2 % (suszony sok pomara\u0144czowy, m\u0105ka ry\u017cowa), p\u0142atki gruszkowe 0,2 % (suszona gruszka, m\u0105ka ry\u017cowa)<\/p>\n<p>Tekst dotycz\u0105cy alergen\u00f3w<br \/>\nProdukt zawiera gluten.<\/p>\n","protected":false},"excerpt":{"rendered":"<p>Sk\u0142adniki m\u0105ki pe\u0142noziarniste 38,4 % (pszenna 36 %, owsiana 0,8 %, \u017cytnia 0,8 %, z pszenicy orkisz 0,8 %), odt\u0142uszczone mleko w proszku 22,4 %, odmineralizowana serwatka w proszku (z mleka) 11 %, cukier, oleje ro\u015blinne (s\u0142onecznikowy, rzepakowy, wysokooleinowy s\u0142onecznikowy, kokosowy), p\u0142atki bananowe 3 %, proszek jab\u0142kowy 2 %, witaminy i sk\u0142adniki mineralne (C, E, [&hellip;]<\/p>\n","protected":false},"featured_media":11753,"template":"","meta":[],"product_brand":[],"product_cat":[141,136],"product_tag":[],"class_list":{"0":"post-11986","1":"product","2":"type-product","3":"status-publish","4":"has-post-thumbnail","6":"product_cat-inne-produkty-sypkie","7":"product_cat-produkty-sypkie","9":"first","10":"instock","11":"taxable","12":"shipping-taxable","13":"purchasable","14":"product-type-simple"},"_links":{"self":[{"href":"https:\/\/www.polskismak.nl\/index.php\/wp-json\/wp\/v2\/product\/11986","targetHints":{"allow":["GET"]}}],"collection":[{"href":"https:\/\/www.polskismak.nl\/index.php\/wp-json\/wp\/v2\/product"}],"about":[{"href":"https:\/\/www.polskismak.nl\/index.php\/wp-json\/wp\/v2\/types\/product"}],"wp:featuredmedia":[{"embeddable":true,"href":"https:\/\/www.polskismak.nl\/index.php\/wp-json\/wp\/v2\/media\/11753"}],"wp:attachment":[{"href":"https:\/\/www.polskismak.nl\/index.php\/wp-json\/wp\/v2\/media?parent=11986"}],"wp:term":[{"taxonomy":"product_brand","embeddable":true,"href":"https:\/\/www.polskismak.nl\/index.php\/wp-json\/wp\/v2\/product_brand?post=11986"},{"taxonomy":"product_cat","embeddable":true,"href":"https:\/\/www.polskismak.nl\/index.php\/wp-json\/wp\/v2\/product_cat?post=11986"},{"taxonomy":"product_tag","embeddable":true,"href":"https:\/\/www.polskismak.nl\/index.php\/wp-json\/wp\/v2\/product_tag?post=11986"}],"curies":[{"name":"wp","href":"https:\/\/api.w.org\/{rel}","templated":true}]}}