{"id":11988,"date":"2024-09-11T12:42:26","date_gmt":"2024-09-11T12:42:26","guid":{"rendered":"https:\/\/www.polskismak.nl\/?post_type=product&#038;p=11988"},"modified":"2025-01-22T13:05:49","modified_gmt":"2025-01-22T13:05:49","slug":"kaszka-mleczno-ryzowa-truskawka-jagoda","status":"publish","type":"product","link":"https:\/\/www.polskismak.nl\/index.php\/product\/kaszka-mleczno-ryzowa-truskawka-jagoda\/","title":{"rendered":"Kaszka mleczno-ry\u017cowa Truskawka-Jagoda"},"content":{"rendered":"<p>Sk\u0142adniki<br \/>\nm\u0105ka ry\u017cowa 44%, mleko modyfikowane 33,4% [odt\u0142uszczone mleko w proszku, oleje ro\u015blinne (olej s\u0142onecznikowy, olej rzepakowy)], cukier, maltodekstryna, p\u0142atki banana 2,5%, sk\u0142adniki mineralne (w\u0119glan wapnia, fumaran \u017celaza (II), siarczan cynku, jodek potasu), witaminy (C, niacyna, E, B1, kwas pantotenowy, A, B6, K, kwas foliowy, biotyna, D), naturalny aromat, kultury bakterii Bifidobacterium lactis<\/p>\n<p>O\u015bwiadczenia zdrowotne<br \/>\nBifidus BL, \u017celazo+ pomagaj\u0105 wspiera\u0107 naturaln\u0105 odporno\u015b\u0107 dziecka*<\/p>\n<p>\u017celazo+, jod dla rozwoju poznawczego<\/p>\n<p>Dla zdrowia dziecka wa\u017cna jest urozmaicona i zbilansowana dieta oraz zdrowy tryb \u017cycia.<\/p>\n<p>*Immunosk\u0142adniki: cynk, \u017celazo, witaminy A** i C<\/p>\n<p>** zawarto\u015b\u0107 zgodnie z przepisami prawa<\/p>\n","protected":false},"excerpt":{"rendered":"<p>Sk\u0142adniki m\u0105ka ry\u017cowa 44%, mleko modyfikowane 33,4% [odt\u0142uszczone mleko w proszku, oleje ro\u015blinne (olej s\u0142onecznikowy, olej rzepakowy)], cukier, maltodekstryna, p\u0142atki banana 2,5%, sk\u0142adniki mineralne (w\u0119glan wapnia, fumaran \u017celaza (II), siarczan cynku, jodek potasu), witaminy (C, niacyna, E, B1, kwas pantotenowy, A, B6, K, kwas foliowy, biotyna, D), naturalny aromat, kultury bakterii Bifidobacterium lactis O\u015bwiadczenia zdrowotne [&hellip;]<\/p>\n","protected":false},"featured_media":11754,"template":"","meta":[],"product_brand":[],"product_cat":[141,136],"product_tag":[],"class_list":{"0":"post-11988","1":"product","2":"type-product","3":"status-publish","4":"has-post-thumbnail","6":"product_cat-inne-produkty-sypkie","7":"product_cat-produkty-sypkie","9":"first","10":"instock","11":"taxable","12":"shipping-taxable","13":"purchasable","14":"product-type-simple"},"_links":{"self":[{"href":"https:\/\/www.polskismak.nl\/index.php\/wp-json\/wp\/v2\/product\/11988","targetHints":{"allow":["GET"]}}],"collection":[{"href":"https:\/\/www.polskismak.nl\/index.php\/wp-json\/wp\/v2\/product"}],"about":[{"href":"https:\/\/www.polskismak.nl\/index.php\/wp-json\/wp\/v2\/types\/product"}],"wp:featuredmedia":[{"embeddable":true,"href":"https:\/\/www.polskismak.nl\/index.php\/wp-json\/wp\/v2\/media\/11754"}],"wp:attachment":[{"href":"https:\/\/www.polskismak.nl\/index.php\/wp-json\/wp\/v2\/media?parent=11988"}],"wp:term":[{"taxonomy":"product_brand","embeddable":true,"href":"https:\/\/www.polskismak.nl\/index.php\/wp-json\/wp\/v2\/product_brand?post=11988"},{"taxonomy":"product_cat","embeddable":true,"href":"https:\/\/www.polskismak.nl\/index.php\/wp-json\/wp\/v2\/product_cat?post=11988"},{"taxonomy":"product_tag","embeddable":true,"href":"https:\/\/www.polskismak.nl\/index.php\/wp-json\/wp\/v2\/product_tag?post=11988"}],"curies":[{"name":"wp","href":"https:\/\/api.w.org\/{rel}","templated":true}]}}