{"id":11992,"date":"2024-09-11T13:54:53","date_gmt":"2024-09-11T13:54:53","guid":{"rendered":"https:\/\/www.polskismak.nl\/?post_type=product&#038;p=11992"},"modified":"2025-01-22T13:04:59","modified_gmt":"2025-01-22T13:04:59","slug":"kasza-mleczna-manna-3-owoce","status":"publish","type":"product","link":"https:\/\/www.polskismak.nl\/index.php\/product\/kasza-mleczna-manna-3-owoce\/","title":{"rendered":"Kasza mleczna manna 3 owoce"},"content":{"rendered":"<p>Sk\u0142adniki<br \/>\nkasza manna (z pszenicy) 45,8 %, odt\u0142uszczone mleko w proszku 25,3 %, odmineralizowana serwatka w proszku (z mleka) 17 %, oleje ro\u015blinne (s\u0142onecznikowy, rzepakowy, wysokooleinowy s\u0142onecznikowy, kokosowy), witaminy i sk\u0142adniki mineralne (C, E, A, D, biotyna, tiamina, B6, wap\u0144, \u017celazo, jod), naturalny aromat waniliowy<\/p>\n<p>Tekst dotycz\u0105cy alergen\u00f3w<br \/>\nMo\u017ce zawiera\u0107 gorczyc\u0119 i soj\u0119.<\/p>\n<p>Informacje dot. stylu \u017cycia<br \/>\nNie zawiera oleju palmowego<\/p>\n<p>Bez dodatku cukru<\/p>\n","protected":false},"excerpt":{"rendered":"<p>Sk\u0142adniki kasza manna (z pszenicy) 45,8 %, odt\u0142uszczone mleko w proszku 25,3 %, odmineralizowana serwatka w proszku (z mleka) 17 %, oleje ro\u015blinne (s\u0142onecznikowy, rzepakowy, wysokooleinowy s\u0142onecznikowy, kokosowy), witaminy i sk\u0142adniki mineralne (C, E, A, D, biotyna, tiamina, B6, wap\u0144, \u017celazo, jod), naturalny aromat waniliowy Tekst dotycz\u0105cy alergen\u00f3w Mo\u017ce zawiera\u0107 gorczyc\u0119 i soj\u0119. Informacje dot. [&hellip;]<\/p>\n","protected":false},"featured_media":11756,"template":"","meta":[],"product_brand":[],"product_cat":[141,136],"product_tag":[],"class_list":{"0":"post-11992","1":"product","2":"type-product","3":"status-publish","4":"has-post-thumbnail","6":"product_cat-inne-produkty-sypkie","7":"product_cat-produkty-sypkie","9":"first","10":"instock","11":"taxable","12":"shipping-taxable","13":"purchasable","14":"product-type-simple"},"_links":{"self":[{"href":"https:\/\/www.polskismak.nl\/index.php\/wp-json\/wp\/v2\/product\/11992","targetHints":{"allow":["GET"]}}],"collection":[{"href":"https:\/\/www.polskismak.nl\/index.php\/wp-json\/wp\/v2\/product"}],"about":[{"href":"https:\/\/www.polskismak.nl\/index.php\/wp-json\/wp\/v2\/types\/product"}],"wp:featuredmedia":[{"embeddable":true,"href":"https:\/\/www.polskismak.nl\/index.php\/wp-json\/wp\/v2\/media\/11756"}],"wp:attachment":[{"href":"https:\/\/www.polskismak.nl\/index.php\/wp-json\/wp\/v2\/media?parent=11992"}],"wp:term":[{"taxonomy":"product_brand","embeddable":true,"href":"https:\/\/www.polskismak.nl\/index.php\/wp-json\/wp\/v2\/product_brand?post=11992"},{"taxonomy":"product_cat","embeddable":true,"href":"https:\/\/www.polskismak.nl\/index.php\/wp-json\/wp\/v2\/product_cat?post=11992"},{"taxonomy":"product_tag","embeddable":true,"href":"https:\/\/www.polskismak.nl\/index.php\/wp-json\/wp\/v2\/product_tag?post=11992"}],"curies":[{"name":"wp","href":"https:\/\/api.w.org\/{rel}","templated":true}]}}