{"id":11996,"date":"2024-09-11T14:03:47","date_gmt":"2024-09-11T14:03:47","guid":{"rendered":"https:\/\/www.polskismak.nl\/?post_type=product&#038;p=11996"},"modified":"2025-01-22T13:03:46","modified_gmt":"2025-01-22T13:03:46","slug":"wafle-andruty","status":"publish","type":"product","link":"https:\/\/www.polskismak.nl\/index.php\/product\/wafle-andruty\/","title":{"rendered":"Wafle andruty"},"content":{"rendered":"<p>Kraj pochodzenia\/Wyprodukowano w: Polska<\/p>\n<p>Dla diabetyk\u00f3w: Tak<\/p>\n<p>Sk\u0142adniki: Sk\u0142adniki: m\u0105ka pszenna, olej ro\u015blinny rzepakowy, emulgator: lecytyna sojowa; substancje spulchniaj\u0105ce: w\u0119glany sodu; s\u00f3l.<\/p>\n<p>Kraj pochodzenia g\u0142\u00f3wnego sk\u0142adnika: Polska<\/p>\n<p>Waga jednostkowa brutto: 0,22 kg<\/p>\n","protected":false},"excerpt":{"rendered":"<p>Kraj pochodzenia\/Wyprodukowano w: Polska Dla diabetyk\u00f3w: Tak Sk\u0142adniki: Sk\u0142adniki: m\u0105ka pszenna, olej ro\u015blinny rzepakowy, emulgator: lecytyna sojowa; substancje spulchniaj\u0105ce: w\u0119glany sodu; s\u00f3l. Kraj pochodzenia g\u0142\u00f3wnego sk\u0142adnika: Polska Waga jednostkowa brutto: 0,22 kg<\/p>\n","protected":false},"featured_media":11758,"template":"","meta":[],"product_brand":[],"product_cat":[111,109],"product_tag":[],"class_list":{"0":"post-11996","1":"product","2":"type-product","3":"status-publish","4":"has-post-thumbnail","6":"product_cat-dodatki-cukiernicze","7":"product_cat-produkty-do-pieczenia-i-desery","9":"first","10":"instock","11":"taxable","12":"shipping-taxable","13":"purchasable","14":"product-type-simple"},"_links":{"self":[{"href":"https:\/\/www.polskismak.nl\/index.php\/wp-json\/wp\/v2\/product\/11996","targetHints":{"allow":["GET"]}}],"collection":[{"href":"https:\/\/www.polskismak.nl\/index.php\/wp-json\/wp\/v2\/product"}],"about":[{"href":"https:\/\/www.polskismak.nl\/index.php\/wp-json\/wp\/v2\/types\/product"}],"wp:featuredmedia":[{"embeddable":true,"href":"https:\/\/www.polskismak.nl\/index.php\/wp-json\/wp\/v2\/media\/11758"}],"wp:attachment":[{"href":"https:\/\/www.polskismak.nl\/index.php\/wp-json\/wp\/v2\/media?parent=11996"}],"wp:term":[{"taxonomy":"product_brand","embeddable":true,"href":"https:\/\/www.polskismak.nl\/index.php\/wp-json\/wp\/v2\/product_brand?post=11996"},{"taxonomy":"product_cat","embeddable":true,"href":"https:\/\/www.polskismak.nl\/index.php\/wp-json\/wp\/v2\/product_cat?post=11996"},{"taxonomy":"product_tag","embeddable":true,"href":"https:\/\/www.polskismak.nl\/index.php\/wp-json\/wp\/v2\/product_tag?post=11996"}],"curies":[{"name":"wp","href":"https:\/\/api.w.org\/{rel}","templated":true}]}}