{"id":12016,"date":"2024-09-18T10:38:25","date_gmt":"2024-09-18T10:38:25","guid":{"rendered":"https:\/\/www.polskismak.nl\/?post_type=product&#038;p=12016"},"modified":"2025-01-22T12:57:50","modified_gmt":"2025-01-22T12:57:50","slug":"pierniki-torunskie-orzech-laskowy","status":"publish","type":"product","link":"https:\/\/www.polskismak.nl\/index.php\/product\/pierniki-torunskie-orzech-laskowy\/","title":{"rendered":"Pierniki toru\u0144skie orzech laskowy"},"content":{"rendered":"<p>Sk\u0142adniki: m\u0105ka pszenna, nadzienie 20% [ syrop glukozowy, cukier, woda, odt\u0142uszczone mleko w proszku, przecier jab\u0142kowy, pasta z orzech\u00f3w laskowych 1%, t\u0142uszcz kokosowy, kakao, substancja utrzymuj\u0105ca wilgo\u0107, substancja zag\u0119szczaj\u0105ca (pektyny), emulgator kwas\u00f3w t\u0142uszczowych, aromat, substancje konserwuj\u0105ce, regulator kwasowo\u015bci (kwas cytrynowy)], czekolada 18%[cukier, miazga kakaowa, t\u0142uszcz kakaowy, emulgator (lecytyna sojowa), aromat], cukier, m\u0105ka \u017cytnia, barwnik (karmel), przyprawy, substancja spulchniaj\u0105ca (w\u0119glany amonu), s\u00f3l, regulator kwasowo\u015bci (kwas cytrynowy). Wyr\u00f3b mo\u017ce zawiera\u0107: jaja, orzeszki arachidowe, nasiona sezamu<\/p>\n","protected":false},"excerpt":{"rendered":"<p>Sk\u0142adniki: m\u0105ka pszenna, nadzienie 20% [ syrop glukozowy, cukier, woda, odt\u0142uszczone mleko w proszku, przecier jab\u0142kowy, pasta z orzech\u00f3w laskowych 1%, t\u0142uszcz kokosowy, kakao, substancja utrzymuj\u0105ca wilgo\u0107, substancja zag\u0119szczaj\u0105ca (pektyny), emulgator kwas\u00f3w t\u0142uszczowych, aromat, substancje konserwuj\u0105ce, regulator kwasowo\u015bci (kwas cytrynowy)], czekolada 18%[cukier, miazga kakaowa, t\u0142uszcz kakaowy, emulgator (lecytyna sojowa), aromat], cukier, m\u0105ka \u017cytnia, barwnik (karmel), [&hellip;]<\/p>\n","protected":false},"featured_media":11770,"template":"","meta":[],"product_brand":[],"product_cat":[104,103],"product_tag":[],"class_list":{"0":"post-12016","1":"product","2":"type-product","3":"status-publish","4":"has-post-thumbnail","6":"product_cat-ciastka-i-pierniki","7":"product_cat-slodycze-i-przekaski","9":"first","10":"outofstock","11":"taxable","12":"shipping-taxable","13":"purchasable","14":"product-type-simple"},"_links":{"self":[{"href":"https:\/\/www.polskismak.nl\/index.php\/wp-json\/wp\/v2\/product\/12016","targetHints":{"allow":["GET"]}}],"collection":[{"href":"https:\/\/www.polskismak.nl\/index.php\/wp-json\/wp\/v2\/product"}],"about":[{"href":"https:\/\/www.polskismak.nl\/index.php\/wp-json\/wp\/v2\/types\/product"}],"wp:featuredmedia":[{"embeddable":true,"href":"https:\/\/www.polskismak.nl\/index.php\/wp-json\/wp\/v2\/media\/11770"}],"wp:attachment":[{"href":"https:\/\/www.polskismak.nl\/index.php\/wp-json\/wp\/v2\/media?parent=12016"}],"wp:term":[{"taxonomy":"product_brand","embeddable":true,"href":"https:\/\/www.polskismak.nl\/index.php\/wp-json\/wp\/v2\/product_brand?post=12016"},{"taxonomy":"product_cat","embeddable":true,"href":"https:\/\/www.polskismak.nl\/index.php\/wp-json\/wp\/v2\/product_cat?post=12016"},{"taxonomy":"product_tag","embeddable":true,"href":"https:\/\/www.polskismak.nl\/index.php\/wp-json\/wp\/v2\/product_tag?post=12016"}],"curies":[{"name":"wp","href":"https:\/\/api.w.org\/{rel}","templated":true}]}}