{"id":12020,"date":"2024-09-18T10:51:03","date_gmt":"2024-09-18T10:51:03","guid":{"rendered":"https:\/\/www.polskismak.nl\/?post_type=product&#038;p=12020"},"modified":"2025-01-22T12:54:26","modified_gmt":"2025-01-22T12:54:26","slug":"pierniki-w-mlecznej-czekoladzie-400g","status":"publish","type":"product","link":"https:\/\/www.polskismak.nl\/index.php\/product\/pierniki-w-mlecznej-czekoladzie-400g\/","title":{"rendered":"Pierniki w mlecznej czekoladzie 400g"},"content":{"rendered":"<p>Sk\u0142adniki: m\u0105ka pszenna, syrop glukozowo-fruktozowy, czekolada 17% (cukier, miazga kakaowa, t\u0142uszcz kakaowy, bezwodny t\u0142uszcz mleczny, emulgatory: lecytyny z soi, E476), cukier, olej, s\u0142onecznikowy, substancje spulchniaj\u0105ce: w\u0119glany amonu, w\u0119glany sodu; przyprawy, cynamon, barwnik: karmel amoniakalny; kakao w proszku o obni\u017conej zawarto\u015bci t\u0142uszczu, s\u00f3l. Mo\u017ce zawiera\u0107 orzechy, orzeszki ziemne, jaja, \u0142ubin i nasiona sezamu.<\/p>\n","protected":false},"excerpt":{"rendered":"<p>Sk\u0142adniki: m\u0105ka pszenna, syrop glukozowo-fruktozowy, czekolada 17% (cukier, miazga kakaowa, t\u0142uszcz kakaowy, bezwodny t\u0142uszcz mleczny, emulgatory: lecytyny z soi, E476), cukier, olej, s\u0142onecznikowy, substancje spulchniaj\u0105ce: w\u0119glany amonu, w\u0119glany sodu; przyprawy, cynamon, barwnik: karmel amoniakalny; kakao w proszku o obni\u017conej zawarto\u015bci t\u0142uszczu, s\u00f3l. Mo\u017ce zawiera\u0107 orzechy, orzeszki ziemne, jaja, \u0142ubin i nasiona sezamu.<\/p>\n","protected":false},"featured_media":11772,"template":"","meta":[],"product_brand":[],"product_cat":[104,103],"product_tag":[],"class_list":{"0":"post-12020","1":"product","2":"type-product","3":"status-publish","4":"has-post-thumbnail","6":"product_cat-ciastka-i-pierniki","7":"product_cat-slodycze-i-przekaski","9":"first","10":"instock","11":"taxable","12":"shipping-taxable","13":"purchasable","14":"product-type-simple"},"_links":{"self":[{"href":"https:\/\/www.polskismak.nl\/index.php\/wp-json\/wp\/v2\/product\/12020","targetHints":{"allow":["GET"]}}],"collection":[{"href":"https:\/\/www.polskismak.nl\/index.php\/wp-json\/wp\/v2\/product"}],"about":[{"href":"https:\/\/www.polskismak.nl\/index.php\/wp-json\/wp\/v2\/types\/product"}],"wp:featuredmedia":[{"embeddable":true,"href":"https:\/\/www.polskismak.nl\/index.php\/wp-json\/wp\/v2\/media\/11772"}],"wp:attachment":[{"href":"https:\/\/www.polskismak.nl\/index.php\/wp-json\/wp\/v2\/media?parent=12020"}],"wp:term":[{"taxonomy":"product_brand","embeddable":true,"href":"https:\/\/www.polskismak.nl\/index.php\/wp-json\/wp\/v2\/product_brand?post=12020"},{"taxonomy":"product_cat","embeddable":true,"href":"https:\/\/www.polskismak.nl\/index.php\/wp-json\/wp\/v2\/product_cat?post=12020"},{"taxonomy":"product_tag","embeddable":true,"href":"https:\/\/www.polskismak.nl\/index.php\/wp-json\/wp\/v2\/product_tag?post=12020"}],"curies":[{"name":"wp","href":"https:\/\/api.w.org\/{rel}","templated":true}]}}