{"id":12026,"date":"2024-09-18T11:01:16","date_gmt":"2024-09-18T11:01:16","guid":{"rendered":"https:\/\/www.polskismak.nl\/?post_type=product&#038;p=12026"},"modified":"2025-11-12T13:23:38","modified_gmt":"2025-11-12T13:23:38","slug":"leibniz-mini","status":"publish","type":"product","link":"https:\/\/www.polskismak.nl\/index.php\/product\/leibniz-mini\/","title":{"rendered":"Leibniz mini"},"content":{"rendered":"<p>Sk\u0142adniki:<br \/>\nm\u0105ka PSZENNA, cukier, MAS\u0141O (12 %), syrop cukru inwertowanego, substancje spulchniaj\u0105ce: w\u0119glany sodu, difosforany, serwatka w proszku (MLEKO), MLEKO w proszku pe\u0142ne, s\u00f3l, emulgator: lecytyny, kwas: kwas cytrynowy, aromaty (MLEKO), JAJA w proszku<\/p>\n","protected":false},"excerpt":{"rendered":"<p>Sk\u0142adniki: m\u0105ka PSZENNA, cukier, MAS\u0141O (12 %), syrop cukru inwertowanego, substancje spulchniaj\u0105ce: w\u0119glany sodu, difosforany, serwatka w proszku (MLEKO), MLEKO w proszku pe\u0142ne, s\u00f3l, emulgator: lecytyny, kwas: kwas cytrynowy, aromaty (MLEKO), JAJA w proszku<\/p>\n","protected":false},"featured_media":11776,"template":"","meta":[],"product_brand":[],"product_cat":[104,103],"product_tag":[],"class_list":{"0":"post-12026","1":"product","2":"type-product","3":"status-publish","4":"has-post-thumbnail","6":"product_cat-ciastka-i-pierniki","7":"product_cat-slodycze-i-przekaski","9":"first","10":"instock","11":"taxable","12":"shipping-taxable","13":"purchasable","14":"product-type-simple"},"_links":{"self":[{"href":"https:\/\/www.polskismak.nl\/index.php\/wp-json\/wp\/v2\/product\/12026","targetHints":{"allow":["GET"]}}],"collection":[{"href":"https:\/\/www.polskismak.nl\/index.php\/wp-json\/wp\/v2\/product"}],"about":[{"href":"https:\/\/www.polskismak.nl\/index.php\/wp-json\/wp\/v2\/types\/product"}],"wp:featuredmedia":[{"embeddable":true,"href":"https:\/\/www.polskismak.nl\/index.php\/wp-json\/wp\/v2\/media\/11776"}],"wp:attachment":[{"href":"https:\/\/www.polskismak.nl\/index.php\/wp-json\/wp\/v2\/media?parent=12026"}],"wp:term":[{"taxonomy":"product_brand","embeddable":true,"href":"https:\/\/www.polskismak.nl\/index.php\/wp-json\/wp\/v2\/product_brand?post=12026"},{"taxonomy":"product_cat","embeddable":true,"href":"https:\/\/www.polskismak.nl\/index.php\/wp-json\/wp\/v2\/product_cat?post=12026"},{"taxonomy":"product_tag","embeddable":true,"href":"https:\/\/www.polskismak.nl\/index.php\/wp-json\/wp\/v2\/product_tag?post=12026"}],"curies":[{"name":"wp","href":"https:\/\/api.w.org\/{rel}","templated":true}]}}