{"id":12034,"date":"2024-09-18T11:23:18","date_gmt":"2024-09-18T11:23:18","guid":{"rendered":"https:\/\/www.polskismak.nl\/?post_type=product&#038;p=12034"},"modified":"2025-01-22T12:40:45","modified_gmt":"2025-01-22T12:40:45","slug":"verdin-fix","status":"publish","type":"product","link":"https:\/\/www.polskismak.nl\/index.php\/product\/verdin-fix\/","title":{"rendered":"Verdin Fix"},"content":{"rendered":"<p>Opis<br \/>\nVerdin Fix to zio\u0142owa herbatka zawieraj\u0105ca sk\u0142adniki wspieraj\u0105ce trawienie. Zio\u0142owe sk\u0142adniki wspieraj\u0105 prawid\u0142ow\u0105 prac\u0119 trzustki, w\u0105troby i jelit.<\/p>\n<p>Mi\u0119ta lekarska (mi\u0119ta pieprzowa) reguluje prac\u0119 \u017co\u0142\u0105dka i jelit, pobudza wydzielanie sok\u00f3w trawiennych, przywraca prawid\u0142owe ruchy perystaltyczne, zapobiega wzd\u0119ciom i gazom, przynosz\u0105c ulg\u0119 po ci\u0119\u017ckostrawnych posi\u0142kach.<br \/>\nKolendra siewna wspomaga proces trawienia t\u0142uszcz\u00f3w, zwalcza niestrawno\u015b\u0107 i utrat\u0119 apetytu, sprzyja utrzymaniu cholesterolu na prawid\u0142owym poziomie, przyczynia si\u0119 do zachowania r\u00f3wnowagi gazowej w przewodzie pokarmowym.<br \/>\nKminek ma w\u0142a\u015bciwo\u015bci wiatrop\u0119dne i przeciwskurczowe, pomaga likwidowa\u0107 wzd\u0119cia, stymuluje wydzielanie sok\u00f3w trawiennych.<br \/>\nDzika r\u00f3\u017ca wspomaga trawienie, a ze wzgl\u0119du na wysok\u0105 zawarto\u015b\u0107 antyoksydant\u00f3w i witaminy C dzia\u0142a wzmacniaj\u0105co na organizm.<br \/>\nLukrecja wp\u0142ywa na prawid\u0142ow\u0105 prac\u0119 b\u0142on \u015bluzowych \u017co\u0142\u0105dka i jelit.<br \/>\nMniszek lekarki (popularny mlecz) ma dzia\u0142anie prebiotyczne, a tak\u017ce \u017c\u00f3\u0142ciotw\u00f3rcze i \u017c\u00f3\u0142ciop\u0119dne, dzi\u0119ki czemu wspomaga funkcjonowanie w\u0105troby.<br \/>\nVerdin Fix herbata polecana jest osobom, kt\u00f3re cierpi\u0105 na problemy z trawieniem, cz\u0119ste wzd\u0119cia i gazy. Preparat jest szczeg\u00f3lnie polecany przy obfitych, ci\u0119\u017ckostrawnych posi\u0142kach.<\/p>\n","protected":false},"excerpt":{"rendered":"<p>Opis Verdin Fix to zio\u0142owa herbatka zawieraj\u0105ca sk\u0142adniki wspieraj\u0105ce trawienie. Zio\u0142owe sk\u0142adniki wspieraj\u0105 prawid\u0142ow\u0105 prac\u0119 trzustki, w\u0105troby i jelit. Mi\u0119ta lekarska (mi\u0119ta pieprzowa) reguluje prac\u0119 \u017co\u0142\u0105dka i jelit, pobudza wydzielanie sok\u00f3w trawiennych, przywraca prawid\u0142owe ruchy perystaltyczne, zapobiega wzd\u0119ciom i gazom, przynosz\u0105c ulg\u0119 po ci\u0119\u017ckostrawnych posi\u0142kach. Kolendra siewna wspomaga proces trawienia t\u0142uszcz\u00f3w, zwalcza niestrawno\u015b\u0107 i utrat\u0119 [&hellip;]<\/p>\n","protected":false},"featured_media":11780,"template":"","meta":[],"product_brand":[],"product_cat":[152,150],"product_tag":[],"class_list":{"0":"post-12034","1":"product","2":"type-product","3":"status-publish","4":"has-post-thumbnail","6":"product_cat-herbata","7":"product_cat-kawa-i-herbata","9":"first","10":"instock","11":"taxable","12":"shipping-taxable","13":"purchasable","14":"product-type-simple"},"_links":{"self":[{"href":"https:\/\/www.polskismak.nl\/index.php\/wp-json\/wp\/v2\/product\/12034","targetHints":{"allow":["GET"]}}],"collection":[{"href":"https:\/\/www.polskismak.nl\/index.php\/wp-json\/wp\/v2\/product"}],"about":[{"href":"https:\/\/www.polskismak.nl\/index.php\/wp-json\/wp\/v2\/types\/product"}],"wp:featuredmedia":[{"embeddable":true,"href":"https:\/\/www.polskismak.nl\/index.php\/wp-json\/wp\/v2\/media\/11780"}],"wp:attachment":[{"href":"https:\/\/www.polskismak.nl\/index.php\/wp-json\/wp\/v2\/media?parent=12034"}],"wp:term":[{"taxonomy":"product_brand","embeddable":true,"href":"https:\/\/www.polskismak.nl\/index.php\/wp-json\/wp\/v2\/product_brand?post=12034"},{"taxonomy":"product_cat","embeddable":true,"href":"https:\/\/www.polskismak.nl\/index.php\/wp-json\/wp\/v2\/product_cat?post=12034"},{"taxonomy":"product_tag","embeddable":true,"href":"https:\/\/www.polskismak.nl\/index.php\/wp-json\/wp\/v2\/product_tag?post=12034"}],"curies":[{"name":"wp","href":"https:\/\/api.w.org\/{rel}","templated":true}]}}