{"id":12052,"date":"2024-09-18T12:00:13","date_gmt":"2024-09-18T12:00:13","guid":{"rendered":"https:\/\/www.polskismak.nl\/?post_type=product&#038;p=12052"},"modified":"2025-10-01T13:43:59","modified_gmt":"2025-10-01T13:43:59","slug":"herbapol-herbata-koper-wloski","status":"publish","type":"product","link":"https:\/\/www.polskismak.nl\/index.php\/product\/herbapol-herbata-koper-wloski\/","title":{"rendered":"Herbapol herbata Koper w\u0142oski"},"content":{"rendered":"<p>Sk\u0142ad: Koper w\u0142oski 100%<\/p>\n","protected":false},"excerpt":{"rendered":"<p>Sk\u0142ad: Koper w\u0142oski 100%<\/p>\n","protected":false},"featured_media":11833,"template":"","meta":[],"product_brand":[],"product_cat":[152,150],"product_tag":[],"class_list":{"0":"post-12052","1":"product","2":"type-product","3":"status-publish","4":"has-post-thumbnail","6":"product_cat-herbata","7":"product_cat-kawa-i-herbata","9":"first","10":"instock","11":"taxable","12":"shipping-taxable","13":"purchasable","14":"product-type-simple"},"_links":{"self":[{"href":"https:\/\/www.polskismak.nl\/index.php\/wp-json\/wp\/v2\/product\/12052","targetHints":{"allow":["GET"]}}],"collection":[{"href":"https:\/\/www.polskismak.nl\/index.php\/wp-json\/wp\/v2\/product"}],"about":[{"href":"https:\/\/www.polskismak.nl\/index.php\/wp-json\/wp\/v2\/types\/product"}],"wp:featuredmedia":[{"embeddable":true,"href":"https:\/\/www.polskismak.nl\/index.php\/wp-json\/wp\/v2\/media\/11833"}],"wp:attachment":[{"href":"https:\/\/www.polskismak.nl\/index.php\/wp-json\/wp\/v2\/media?parent=12052"}],"wp:term":[{"taxonomy":"product_brand","embeddable":true,"href":"https:\/\/www.polskismak.nl\/index.php\/wp-json\/wp\/v2\/product_brand?post=12052"},{"taxonomy":"product_cat","embeddable":true,"href":"https:\/\/www.polskismak.nl\/index.php\/wp-json\/wp\/v2\/product_cat?post=12052"},{"taxonomy":"product_tag","embeddable":true,"href":"https:\/\/www.polskismak.nl\/index.php\/wp-json\/wp\/v2\/product_tag?post=12052"}],"curies":[{"name":"wp","href":"https:\/\/api.w.org\/{rel}","templated":true}]}}