{"id":12070,"date":"2024-09-18T12:34:14","date_gmt":"2024-09-18T12:34:14","guid":{"rendered":"https:\/\/www.polskismak.nl\/?post_type=product&#038;p=12070"},"modified":"2025-10-01T13:42:35","modified_gmt":"2025-10-01T13:42:35","slug":"herbapol-herbata-wisnia","status":"publish","type":"product","link":"https:\/\/www.polskismak.nl\/index.php\/product\/herbapol-herbata-wisnia\/","title":{"rendered":"Herbapol herbata Wi\u015bnia"},"content":{"rendered":"<p>Sk\u0142adniki<br \/>\nowoc wi\u015bni (35%)<\/p>\n<p>jab\u0142ko<\/p>\n<p>kwiat hibiskusa<\/p>\n<p>owoc dzikiej r\u00f3\u017cy<\/p>\n<p>naturalne aromaty<\/p>\n","protected":false},"excerpt":{"rendered":"<p>Sk\u0142adniki owoc wi\u015bni (35%) jab\u0142ko kwiat hibiskusa owoc dzikiej r\u00f3\u017cy naturalne aromaty<\/p>\n","protected":false},"featured_media":11842,"template":"","meta":[],"product_brand":[],"product_cat":[152,150],"product_tag":[],"class_list":{"0":"post-12070","1":"product","2":"type-product","3":"status-publish","4":"has-post-thumbnail","6":"product_cat-herbata","7":"product_cat-kawa-i-herbata","9":"first","10":"instock","11":"taxable","12":"shipping-taxable","13":"purchasable","14":"product-type-simple"},"_links":{"self":[{"href":"https:\/\/www.polskismak.nl\/index.php\/wp-json\/wp\/v2\/product\/12070","targetHints":{"allow":["GET"]}}],"collection":[{"href":"https:\/\/www.polskismak.nl\/index.php\/wp-json\/wp\/v2\/product"}],"about":[{"href":"https:\/\/www.polskismak.nl\/index.php\/wp-json\/wp\/v2\/types\/product"}],"wp:featuredmedia":[{"embeddable":true,"href":"https:\/\/www.polskismak.nl\/index.php\/wp-json\/wp\/v2\/media\/11842"}],"wp:attachment":[{"href":"https:\/\/www.polskismak.nl\/index.php\/wp-json\/wp\/v2\/media?parent=12070"}],"wp:term":[{"taxonomy":"product_brand","embeddable":true,"href":"https:\/\/www.polskismak.nl\/index.php\/wp-json\/wp\/v2\/product_brand?post=12070"},{"taxonomy":"product_cat","embeddable":true,"href":"https:\/\/www.polskismak.nl\/index.php\/wp-json\/wp\/v2\/product_cat?post=12070"},{"taxonomy":"product_tag","embeddable":true,"href":"https:\/\/www.polskismak.nl\/index.php\/wp-json\/wp\/v2\/product_tag?post=12070"}],"curies":[{"name":"wp","href":"https:\/\/api.w.org\/{rel}","templated":true}]}}