{"id":12082,"date":"2024-09-18T13:57:16","date_gmt":"2024-09-18T13:57:16","guid":{"rendered":"https:\/\/www.polskismak.nl\/?post_type=product&#038;p=12082"},"modified":"2025-10-01T13:41:23","modified_gmt":"2025-10-01T13:41:23","slug":"herbapol-herbata-czarna-porzeczka-z-cytryna","status":"publish","type":"product","link":"https:\/\/www.polskismak.nl\/index.php\/product\/herbapol-herbata-czarna-porzeczka-z-cytryna\/","title":{"rendered":"Herbapol herbata Czarna porzeczka z cytryn\u0105"},"content":{"rendered":"<p>Sk\u0142ad: cukier, woda, zag\u0119szczony sok (koncentrat) z czarnej porzeczki \u2013 2,25% (co odpowiada 12,6% soku z czarnej porzeczki z zag\u0119szczonego soku z czarnej porzeczki), regulator kwasowo\u015bci \u2013 kwas cytrynowy, witamina C &#8211; 0,03%, aromat naturalny.<\/p>\n","protected":false},"excerpt":{"rendered":"<p>Sk\u0142ad: cukier, woda, zag\u0119szczony sok (koncentrat) z czarnej porzeczki \u2013 2,25% (co odpowiada 12,6% soku z czarnej porzeczki z zag\u0119szczonego soku z czarnej porzeczki), regulator kwasowo\u015bci \u2013 kwas cytrynowy, witamina C &#8211; 0,03%, aromat naturalny.<\/p>\n","protected":false},"featured_media":11848,"template":"","meta":[],"product_brand":[],"product_cat":[152,150],"product_tag":[],"class_list":{"0":"post-12082","1":"product","2":"type-product","3":"status-publish","4":"has-post-thumbnail","6":"product_cat-herbata","7":"product_cat-kawa-i-herbata","9":"first","10":"instock","11":"taxable","12":"shipping-taxable","13":"purchasable","14":"product-type-simple"},"_links":{"self":[{"href":"https:\/\/www.polskismak.nl\/index.php\/wp-json\/wp\/v2\/product\/12082","targetHints":{"allow":["GET"]}}],"collection":[{"href":"https:\/\/www.polskismak.nl\/index.php\/wp-json\/wp\/v2\/product"}],"about":[{"href":"https:\/\/www.polskismak.nl\/index.php\/wp-json\/wp\/v2\/types\/product"}],"wp:featuredmedia":[{"embeddable":true,"href":"https:\/\/www.polskismak.nl\/index.php\/wp-json\/wp\/v2\/media\/11848"}],"wp:attachment":[{"href":"https:\/\/www.polskismak.nl\/index.php\/wp-json\/wp\/v2\/media?parent=12082"}],"wp:term":[{"taxonomy":"product_brand","embeddable":true,"href":"https:\/\/www.polskismak.nl\/index.php\/wp-json\/wp\/v2\/product_brand?post=12082"},{"taxonomy":"product_cat","embeddable":true,"href":"https:\/\/www.polskismak.nl\/index.php\/wp-json\/wp\/v2\/product_cat?post=12082"},{"taxonomy":"product_tag","embeddable":true,"href":"https:\/\/www.polskismak.nl\/index.php\/wp-json\/wp\/v2\/product_tag?post=12082"}],"curies":[{"name":"wp","href":"https:\/\/api.w.org\/{rel}","templated":true}]}}