{"id":12088,"date":"2024-09-18T14:03:10","date_gmt":"2024-09-18T14:03:10","guid":{"rendered":"https:\/\/www.polskismak.nl\/?post_type=product&#038;p=12088"},"modified":"2025-10-01T13:40:42","modified_gmt":"2025-10-01T13:40:42","slug":"zielona-herbata-z-pomarancza","status":"publish","type":"product","link":"https:\/\/www.polskismak.nl\/index.php\/product\/zielona-herbata-z-pomarancza\/","title":{"rendered":"Zielona herbata z pomara\u0144cz\u0105"},"content":{"rendered":"<p>Sk\u0142adniki<br \/>\nherbata zielona (79,9%)<\/p>\n<p>sk\u00f3rka pomara\u0144czy (8%)<\/p>\n<p>owoc ananasa (8%)<\/p>\n<p>aromat<\/p>\n<p>p\u0142atki kwiatu nagietka (0,6%)<\/p>\n","protected":false},"excerpt":{"rendered":"<p>Sk\u0142adniki herbata zielona (79,9%) sk\u00f3rka pomara\u0144czy (8%) owoc ananasa (8%) aromat p\u0142atki kwiatu nagietka (0,6%)<\/p>\n","protected":false},"featured_media":11851,"template":"","meta":[],"product_brand":[],"product_cat":[152,150],"product_tag":[],"class_list":{"0":"post-12088","1":"product","2":"type-product","3":"status-publish","4":"has-post-thumbnail","6":"product_cat-herbata","7":"product_cat-kawa-i-herbata","9":"first","10":"instock","11":"taxable","12":"shipping-taxable","13":"purchasable","14":"product-type-simple"},"_links":{"self":[{"href":"https:\/\/www.polskismak.nl\/index.php\/wp-json\/wp\/v2\/product\/12088","targetHints":{"allow":["GET"]}}],"collection":[{"href":"https:\/\/www.polskismak.nl\/index.php\/wp-json\/wp\/v2\/product"}],"about":[{"href":"https:\/\/www.polskismak.nl\/index.php\/wp-json\/wp\/v2\/types\/product"}],"wp:featuredmedia":[{"embeddable":true,"href":"https:\/\/www.polskismak.nl\/index.php\/wp-json\/wp\/v2\/media\/11851"}],"wp:attachment":[{"href":"https:\/\/www.polskismak.nl\/index.php\/wp-json\/wp\/v2\/media?parent=12088"}],"wp:term":[{"taxonomy":"product_brand","embeddable":true,"href":"https:\/\/www.polskismak.nl\/index.php\/wp-json\/wp\/v2\/product_brand?post=12088"},{"taxonomy":"product_cat","embeddable":true,"href":"https:\/\/www.polskismak.nl\/index.php\/wp-json\/wp\/v2\/product_cat?post=12088"},{"taxonomy":"product_tag","embeddable":true,"href":"https:\/\/www.polskismak.nl\/index.php\/wp-json\/wp\/v2\/product_tag?post=12088"}],"curies":[{"name":"wp","href":"https:\/\/api.w.org\/{rel}","templated":true}]}}