{"id":12104,"date":"2024-09-25T10:35:33","date_gmt":"2024-09-25T10:35:33","guid":{"rendered":"https:\/\/www.polskismak.nl\/?post_type=product&#038;p=12104"},"modified":"2025-10-01T13:39:08","modified_gmt":"2025-10-01T13:39:08","slug":"green-teas-malwa","status":"publish","type":"product","link":"https:\/\/www.polskismak.nl\/index.php\/product\/green-teas-malwa\/","title":{"rendered":"Green Teas Malwa"},"content":{"rendered":"<p>Zawarto\u015b\u0107 opakowania:<br \/>\n1) zielona o smaku opuncji figowej,<\/p>\n<p>2) zielona z imbirem,<\/p>\n<p>3) zielona z \u017curawin\u0105,<\/p>\n<p>4) zielona z grejpfrutem,<\/p>\n<p>5) zielona ekspresowa,<\/p>\n<p>6) zielona z cytryn\u0105<\/p>\n<p>6 x 5 torebek x 2 g<\/p>\n<p>Masa netto: 60 g<\/p>\n","protected":false},"excerpt":{"rendered":"<p>Zawarto\u015b\u0107 opakowania: 1) zielona o smaku opuncji figowej, 2) zielona z imbirem, 3) zielona z \u017curawin\u0105, 4) zielona z grejpfrutem, 5) zielona ekspresowa, 6) zielona z cytryn\u0105 6 x 5 torebek x 2 g Masa netto: 60 g<\/p>\n","protected":false},"featured_media":11858,"template":"","meta":[],"product_brand":[],"product_cat":[152,150],"product_tag":[],"class_list":{"0":"post-12104","1":"product","2":"type-product","3":"status-publish","4":"has-post-thumbnail","6":"product_cat-herbata","7":"product_cat-kawa-i-herbata","9":"first","10":"outofstock","11":"taxable","12":"shipping-taxable","13":"purchasable","14":"product-type-simple"},"_links":{"self":[{"href":"https:\/\/www.polskismak.nl\/index.php\/wp-json\/wp\/v2\/product\/12104","targetHints":{"allow":["GET"]}}],"collection":[{"href":"https:\/\/www.polskismak.nl\/index.php\/wp-json\/wp\/v2\/product"}],"about":[{"href":"https:\/\/www.polskismak.nl\/index.php\/wp-json\/wp\/v2\/types\/product"}],"wp:featuredmedia":[{"embeddable":true,"href":"https:\/\/www.polskismak.nl\/index.php\/wp-json\/wp\/v2\/media\/11858"}],"wp:attachment":[{"href":"https:\/\/www.polskismak.nl\/index.php\/wp-json\/wp\/v2\/media?parent=12104"}],"wp:term":[{"taxonomy":"product_brand","embeddable":true,"href":"https:\/\/www.polskismak.nl\/index.php\/wp-json\/wp\/v2\/product_brand?post=12104"},{"taxonomy":"product_cat","embeddable":true,"href":"https:\/\/www.polskismak.nl\/index.php\/wp-json\/wp\/v2\/product_cat?post=12104"},{"taxonomy":"product_tag","embeddable":true,"href":"https:\/\/www.polskismak.nl\/index.php\/wp-json\/wp\/v2\/product_tag?post=12104"}],"curies":[{"name":"wp","href":"https:\/\/api.w.org\/{rel}","templated":true}]}}