{"id":12115,"date":"2024-09-25T10:57:12","date_gmt":"2024-09-25T10:57:12","guid":{"rendered":"https:\/\/www.polskismak.nl\/?post_type=product&#038;p=12115"},"modified":"2025-10-01T13:37:34","modified_gmt":"2025-10-01T13:37:34","slug":"mokate-cappuccino-o-smaku-belgijskiej-czekolady","status":"publish","type":"product","link":"https:\/\/www.polskismak.nl\/index.php\/product\/mokate-cappuccino-o-smaku-belgijskiej-czekolady\/","title":{"rendered":"Mokate Cappuccino o smaku belgijskiej czekolady"},"content":{"rendered":"<p>Sk\u0142adniki<br \/>\nmleczna baza [olej kokosowy, mleko w proszku odt\u0142uszczone (13 %), serwatka (z mleka) w proszku, stabilizator: fosforany potasu]<\/p>\n<p>czekolada do picia o obni\u017conej zawarto\u015bci t\u0142uszczu (24 %) [cukier, kakao w proszku o obni\u017conej zawarto\u015bci t\u0142uszczu]<\/p>\n<p>cukier<\/p>\n<p>kawa rozpuszczalna (12 %)<\/p>\n<p>maltodekstryna<\/p>\n<p>belgijska czekolada w proszku (0,5 %)<\/p>\n<p>aromat<\/p>\n","protected":false},"excerpt":{"rendered":"<p>Sk\u0142adniki mleczna baza [olej kokosowy, mleko w proszku odt\u0142uszczone (13 %), serwatka (z mleka) w proszku, stabilizator: fosforany potasu] czekolada do picia o obni\u017conej zawarto\u015bci t\u0142uszczu (24 %) [cukier, kakao w proszku o obni\u017conej zawarto\u015bci t\u0142uszczu] cukier kawa rozpuszczalna (12 %) maltodekstryna belgijska czekolada w proszku (0,5 %) aromat<\/p>\n","protected":false},"featured_media":11864,"template":"","meta":[],"product_brand":[],"product_cat":[151,150],"product_tag":[],"class_list":{"0":"post-12115","1":"product","2":"type-product","3":"status-publish","4":"has-post-thumbnail","6":"product_cat-kawa","7":"product_cat-kawa-i-herbata","9":"first","10":"onbackorder","11":"taxable","12":"shipping-taxable","13":"purchasable","14":"product-type-simple"},"_links":{"self":[{"href":"https:\/\/www.polskismak.nl\/index.php\/wp-json\/wp\/v2\/product\/12115","targetHints":{"allow":["GET"]}}],"collection":[{"href":"https:\/\/www.polskismak.nl\/index.php\/wp-json\/wp\/v2\/product"}],"about":[{"href":"https:\/\/www.polskismak.nl\/index.php\/wp-json\/wp\/v2\/types\/product"}],"wp:featuredmedia":[{"embeddable":true,"href":"https:\/\/www.polskismak.nl\/index.php\/wp-json\/wp\/v2\/media\/11864"}],"wp:attachment":[{"href":"https:\/\/www.polskismak.nl\/index.php\/wp-json\/wp\/v2\/media?parent=12115"}],"wp:term":[{"taxonomy":"product_brand","embeddable":true,"href":"https:\/\/www.polskismak.nl\/index.php\/wp-json\/wp\/v2\/product_brand?post=12115"},{"taxonomy":"product_cat","embeddable":true,"href":"https:\/\/www.polskismak.nl\/index.php\/wp-json\/wp\/v2\/product_cat?post=12115"},{"taxonomy":"product_tag","embeddable":true,"href":"https:\/\/www.polskismak.nl\/index.php\/wp-json\/wp\/v2\/product_tag?post=12115"}],"curies":[{"name":"wp","href":"https:\/\/api.w.org\/{rel}","templated":true}]}}