{"id":12119,"date":"2024-09-25T11:01:55","date_gmt":"2024-09-25T11:01:55","guid":{"rendered":"https:\/\/www.polskismak.nl\/?post_type=product&#038;p=12119"},"modified":"2025-10-01T13:36:58","modified_gmt":"2025-10-01T13:36:58","slug":"mieta","status":"publish","type":"product","link":"https:\/\/www.polskismak.nl\/index.php\/product\/mieta\/","title":{"rendered":"Mi\u0119ta"},"content":{"rendered":"<header class=\"expandable-block_header    \">\n<div class=\"expandable-block_info\">\n<div class=\"expandable-block_copy\"><\/div>\n<\/div>\n<div class=\"expandable-block_expand\">\n<div class=\"icon-comp Chevron\"><span style=\"font-size: 20px; font-weight: 600;\">Sk\u0142adniki<\/span><\/div>\n<\/div>\n<\/header>\n<div class=\"expandable-block_content\">\n<p>100% li\u015bci mi\u0119ty pieprzowej, Menthae piperitae folium<\/p>\n<h3>O\u015bwiadczenia zdrowotne<\/h3>\n<p>Mi\u0119ta wspomaga procesy trawienne przyczyniaj\u0105c si\u0119 do prawid\u0142owego funkcjonowania uk\u0142adu pokarmowego oraz pomaga w odpr\u0119\u017ceniu organizmu.<\/p>\n<p>Korzystny efekt wynikaj\u0105cy z deklarowanego dzia\u0142ania wyst\u0119puje w przypadku spo\u017cycia naparu z 2 torebek dziennie.<\/p>\n<p>Nie nale\u017cy stosowa\u0107 u os\u00f3b nadwra\u017cliwych na li\u015b\u0107 mi\u0119ty pieprzowej.<\/p>\n<p>Zr\u00f3wnowa\u017cona i zr\u00f3\u017cnicowana dieta oraz zdrowy styl \u017cycia s\u0105 podstaw\u0105 zapewnienia prawid\u0142owego funkcjonowania organizmu.<\/p>\n<\/div>\n","protected":false},"excerpt":{"rendered":"<p>Sk\u0142adniki 100% li\u015bci mi\u0119ty pieprzowej, Menthae piperitae folium O\u015bwiadczenia zdrowotne Mi\u0119ta wspomaga procesy trawienne przyczyniaj\u0105c si\u0119 do prawid\u0142owego funkcjonowania uk\u0142adu pokarmowego oraz pomaga w odpr\u0119\u017ceniu organizmu. Korzystny efekt wynikaj\u0105cy z deklarowanego dzia\u0142ania wyst\u0119puje w przypadku spo\u017cycia naparu z 2 torebek dziennie. Nie nale\u017cy stosowa\u0107 u os\u00f3b nadwra\u017cliwych na li\u015b\u0107 mi\u0119ty pieprzowej. Zr\u00f3wnowa\u017cona i zr\u00f3\u017cnicowana dieta [&hellip;]<\/p>\n","protected":false},"featured_media":11866,"template":"","meta":[],"product_brand":[],"product_cat":[152,150],"product_tag":[],"class_list":{"0":"post-12119","1":"product","2":"type-product","3":"status-publish","4":"has-post-thumbnail","6":"product_cat-herbata","7":"product_cat-kawa-i-herbata","9":"first","10":"instock","11":"taxable","12":"shipping-taxable","13":"purchasable","14":"product-type-simple"},"_links":{"self":[{"href":"https:\/\/www.polskismak.nl\/index.php\/wp-json\/wp\/v2\/product\/12119","targetHints":{"allow":["GET"]}}],"collection":[{"href":"https:\/\/www.polskismak.nl\/index.php\/wp-json\/wp\/v2\/product"}],"about":[{"href":"https:\/\/www.polskismak.nl\/index.php\/wp-json\/wp\/v2\/types\/product"}],"wp:featuredmedia":[{"embeddable":true,"href":"https:\/\/www.polskismak.nl\/index.php\/wp-json\/wp\/v2\/media\/11866"}],"wp:attachment":[{"href":"https:\/\/www.polskismak.nl\/index.php\/wp-json\/wp\/v2\/media?parent=12119"}],"wp:term":[{"taxonomy":"product_brand","embeddable":true,"href":"https:\/\/www.polskismak.nl\/index.php\/wp-json\/wp\/v2\/product_brand?post=12119"},{"taxonomy":"product_cat","embeddable":true,"href":"https:\/\/www.polskismak.nl\/index.php\/wp-json\/wp\/v2\/product_cat?post=12119"},{"taxonomy":"product_tag","embeddable":true,"href":"https:\/\/www.polskismak.nl\/index.php\/wp-json\/wp\/v2\/product_tag?post=12119"}],"curies":[{"name":"wp","href":"https:\/\/api.w.org\/{rel}","templated":true}]}}