{"id":12129,"date":"2024-09-25T11:22:23","date_gmt":"2024-09-25T11:22:23","guid":{"rendered":"https:\/\/www.polskismak.nl\/?post_type=product&#038;p=12129"},"modified":"2025-10-01T13:36:10","modified_gmt":"2025-10-01T13:36:10","slug":"liyd-herbata-rozgrzewajaca-sliwka-z-cynamonem-i-figa","status":"publish","type":"product","link":"https:\/\/www.polskismak.nl\/index.php\/product\/liyd-herbata-rozgrzewajaca-sliwka-z-cynamonem-i-figa\/","title":{"rendered":"Loyd herbata rozgrzewaj\u0105ca \u015bliwka z cynamonem i fig\u0105"},"content":{"rendered":"<p>Sk\u0142adniki:\u00a0<b>kwiat hibiskusa, owoc aronii, aromaty, owoc \u015bliwki 12%, cynamon 10%, li\u015b\u0107 je\u017cyny, korze\u0144 lukrecji 5%, korze\u0144 pra\u017conej cykorii, figa 1%, imbir<\/b><\/p>\n","protected":false},"excerpt":{"rendered":"<p>Sk\u0142adniki:\u00a0kwiat hibiskusa, owoc aronii, aromaty, owoc \u015bliwki 12%, cynamon 10%, li\u015b\u0107 je\u017cyny, korze\u0144 lukrecji 5%, korze\u0144 pra\u017conej cykorii, figa 1%, imbir<\/p>\n","protected":false},"featured_media":11871,"template":"","meta":[],"product_brand":[],"product_cat":[152,150],"product_tag":[],"class_list":{"0":"post-12129","1":"product","2":"type-product","3":"status-publish","4":"has-post-thumbnail","6":"product_cat-herbata","7":"product_cat-kawa-i-herbata","9":"first","10":"onbackorder","11":"taxable","12":"shipping-taxable","13":"purchasable","14":"product-type-simple"},"_links":{"self":[{"href":"https:\/\/www.polskismak.nl\/index.php\/wp-json\/wp\/v2\/product\/12129","targetHints":{"allow":["GET"]}}],"collection":[{"href":"https:\/\/www.polskismak.nl\/index.php\/wp-json\/wp\/v2\/product"}],"about":[{"href":"https:\/\/www.polskismak.nl\/index.php\/wp-json\/wp\/v2\/types\/product"}],"wp:featuredmedia":[{"embeddable":true,"href":"https:\/\/www.polskismak.nl\/index.php\/wp-json\/wp\/v2\/media\/11871"}],"wp:attachment":[{"href":"https:\/\/www.polskismak.nl\/index.php\/wp-json\/wp\/v2\/media?parent=12129"}],"wp:term":[{"taxonomy":"product_brand","embeddable":true,"href":"https:\/\/www.polskismak.nl\/index.php\/wp-json\/wp\/v2\/product_brand?post=12129"},{"taxonomy":"product_cat","embeddable":true,"href":"https:\/\/www.polskismak.nl\/index.php\/wp-json\/wp\/v2\/product_cat?post=12129"},{"taxonomy":"product_tag","embeddable":true,"href":"https:\/\/www.polskismak.nl\/index.php\/wp-json\/wp\/v2\/product_tag?post=12129"}],"curies":[{"name":"wp","href":"https:\/\/api.w.org\/{rel}","templated":true}]}}