{"id":12131,"date":"2024-09-25T11:25:48","date_gmt":"2024-09-25T11:25:48","guid":{"rendered":"https:\/\/www.polskismak.nl\/?post_type=product&#038;p=12131"},"modified":"2025-10-01T13:35:02","modified_gmt":"2025-10-01T13:35:02","slug":"herbata-grzeniec-sliwkowy","status":"publish","type":"product","link":"https:\/\/www.polskismak.nl\/index.php\/product\/herbata-grzeniec-sliwkowy\/","title":{"rendered":"Herbata grzeniec \u015bliwkowy"},"content":{"rendered":"<p>Sk\u0142adniki: herbatka aromatyzowana 57 % (kwiat hibiskusa, cynamon, aromaty, pra\u017cony korze\u0144 cykorii, korze\u0144 lukrecji, go\u017adziki, regulator kwasowo\u015bci &#8211; kwas cytrynowy, imbir) preparat suszu owocowego 43 % (jab\u0142ko, sk\u00f3rka s\u0142odkiej pomara\u0144czy, aronia, \u015bliwka 4,7 %, substancje s\u0142odz\u0105ce: aspartam, cyklaminian sodu, sacharynian sodu). Zawiera lukrecj\u0119 &#8211; chorzy na nadci\u015bnienie powinni unika\u0107 nadmiernego spo\u017cycia.<\/p>\n","protected":false},"excerpt":{"rendered":"<p>Sk\u0142adniki: herbatka aromatyzowana 57 % (kwiat hibiskusa, cynamon, aromaty, pra\u017cony korze\u0144 cykorii, korze\u0144 lukrecji, go\u017adziki, regulator kwasowo\u015bci &#8211; kwas cytrynowy, imbir) preparat suszu owocowego 43 % (jab\u0142ko, sk\u00f3rka s\u0142odkiej pomara\u0144czy, aronia, \u015bliwka 4,7 %, substancje s\u0142odz\u0105ce: aspartam, cyklaminian sodu, sacharynian sodu). Zawiera lukrecj\u0119 &#8211; chorzy na nadci\u015bnienie powinni unika\u0107 nadmiernego spo\u017cycia.<\/p>\n","protected":false},"featured_media":11872,"template":"","meta":[],"product_brand":[],"product_cat":[152,150],"product_tag":[],"class_list":{"0":"post-12131","1":"product","2":"type-product","3":"status-publish","4":"has-post-thumbnail","6":"product_cat-herbata","7":"product_cat-kawa-i-herbata","9":"first","10":"instock","11":"taxable","12":"shipping-taxable","13":"purchasable","14":"product-type-simple"},"_links":{"self":[{"href":"https:\/\/www.polskismak.nl\/index.php\/wp-json\/wp\/v2\/product\/12131","targetHints":{"allow":["GET"]}}],"collection":[{"href":"https:\/\/www.polskismak.nl\/index.php\/wp-json\/wp\/v2\/product"}],"about":[{"href":"https:\/\/www.polskismak.nl\/index.php\/wp-json\/wp\/v2\/types\/product"}],"wp:featuredmedia":[{"embeddable":true,"href":"https:\/\/www.polskismak.nl\/index.php\/wp-json\/wp\/v2\/media\/11872"}],"wp:attachment":[{"href":"https:\/\/www.polskismak.nl\/index.php\/wp-json\/wp\/v2\/media?parent=12131"}],"wp:term":[{"taxonomy":"product_brand","embeddable":true,"href":"https:\/\/www.polskismak.nl\/index.php\/wp-json\/wp\/v2\/product_brand?post=12131"},{"taxonomy":"product_cat","embeddable":true,"href":"https:\/\/www.polskismak.nl\/index.php\/wp-json\/wp\/v2\/product_cat?post=12131"},{"taxonomy":"product_tag","embeddable":true,"href":"https:\/\/www.polskismak.nl\/index.php\/wp-json\/wp\/v2\/product_tag?post=12131"}],"curies":[{"name":"wp","href":"https:\/\/api.w.org\/{rel}","templated":true}]}}