{"id":12135,"date":"2024-09-25T11:33:11","date_gmt":"2024-09-25T11:33:11","guid":{"rendered":"https:\/\/www.polskismak.nl\/?post_type=product&#038;p=12135"},"modified":"2025-10-01T13:34:34","modified_gmt":"2025-10-01T13:34:34","slug":"herbapol-dobry-sen","status":"publish","type":"product","link":"https:\/\/www.polskismak.nl\/index.php\/product\/herbapol-dobry-sen\/","title":{"rendered":"Herbapol dobry sen"},"content":{"rendered":"<h3>Sk\u0142adniki<\/h3>\n<ul>\n<li>li\u015b\u0107 melisy<\/li>\n<li>koszyczek rumianku<\/li>\n<li>owoc pigwy<\/li>\n<li>werbena cytrynowa<\/li>\n<li>ziele m\u0119czennicy<\/li>\n<li>szyszka chmielu<\/li>\n<li>naturalny aromat<\/li>\n<li>kwiat lawendy<\/li>\n<\/ul>\n","protected":false},"excerpt":{"rendered":"<p>Sk\u0142adniki li\u015b\u0107 melisy koszyczek rumianku owoc pigwy werbena cytrynowa ziele m\u0119czennicy szyszka chmielu naturalny aromat kwiat lawendy<\/p>\n","protected":false},"featured_media":11874,"template":"","meta":[],"product_brand":[],"product_cat":[152,150],"product_tag":[],"class_list":{"0":"post-12135","1":"product","2":"type-product","3":"status-publish","4":"has-post-thumbnail","6":"product_cat-herbata","7":"product_cat-kawa-i-herbata","9":"first","10":"instock","11":"taxable","12":"shipping-taxable","13":"purchasable","14":"product-type-simple"},"_links":{"self":[{"href":"https:\/\/www.polskismak.nl\/index.php\/wp-json\/wp\/v2\/product\/12135","targetHints":{"allow":["GET"]}}],"collection":[{"href":"https:\/\/www.polskismak.nl\/index.php\/wp-json\/wp\/v2\/product"}],"about":[{"href":"https:\/\/www.polskismak.nl\/index.php\/wp-json\/wp\/v2\/types\/product"}],"wp:featuredmedia":[{"embeddable":true,"href":"https:\/\/www.polskismak.nl\/index.php\/wp-json\/wp\/v2\/media\/11874"}],"wp:attachment":[{"href":"https:\/\/www.polskismak.nl\/index.php\/wp-json\/wp\/v2\/media?parent=12135"}],"wp:term":[{"taxonomy":"product_brand","embeddable":true,"href":"https:\/\/www.polskismak.nl\/index.php\/wp-json\/wp\/v2\/product_brand?post=12135"},{"taxonomy":"product_cat","embeddable":true,"href":"https:\/\/www.polskismak.nl\/index.php\/wp-json\/wp\/v2\/product_cat?post=12135"},{"taxonomy":"product_tag","embeddable":true,"href":"https:\/\/www.polskismak.nl\/index.php\/wp-json\/wp\/v2\/product_tag?post=12135"}],"curies":[{"name":"wp","href":"https:\/\/api.w.org\/{rel}","templated":true}]}}