{"id":12145,"date":"2024-09-25T11:51:49","date_gmt":"2024-09-25T11:51:49","guid":{"rendered":"https:\/\/www.polskismak.nl\/?post_type=product&#038;p=12145"},"modified":"2025-10-01T13:33:23","modified_gmt":"2025-10-01T13:33:23","slug":"fitoapteka-cukier-w-normie","status":"publish","type":"product","link":"https:\/\/www.polskismak.nl\/index.php\/product\/fitoapteka-cukier-w-normie\/","title":{"rendered":"FitoApteka Cukier w normie"},"content":{"rendered":"<p><b>Sk\u0142ad<\/b>: str\u0105k fasoli, owoc ja\u0142owca pospolitego, owoc dzikiej r\u00f3\u017cy, jab\u0142ko, li\u015b\u0107 mi\u0119ty pieprzowej, ziele fiolka tr\u00f3jbarwnego, korze\u0144 mniszka lekarskiego, li\u015b\u0107 pokrzywy, kwiat hibiskusa, li\u015b\u0107 sza\u0142wii lekarskiej, ziele karczocha, aromat, kora cynamonowca.<\/p>\n","protected":false},"excerpt":{"rendered":"<p>Sk\u0142ad: str\u0105k fasoli, owoc ja\u0142owca pospolitego, owoc dzikiej r\u00f3\u017cy, jab\u0142ko, li\u015b\u0107 mi\u0119ty pieprzowej, ziele fiolka tr\u00f3jbarwnego, korze\u0144 mniszka lekarskiego, li\u015b\u0107 pokrzywy, kwiat hibiskusa, li\u015b\u0107 sza\u0142wii lekarskiej, ziele karczocha, aromat, kora cynamonowca.<\/p>\n","protected":false},"featured_media":11879,"template":"","meta":[],"product_brand":[],"product_cat":[152,150],"product_tag":[],"class_list":{"0":"post-12145","1":"product","2":"type-product","3":"status-publish","4":"has-post-thumbnail","6":"product_cat-herbata","7":"product_cat-kawa-i-herbata","9":"first","10":"instock","11":"taxable","12":"shipping-taxable","13":"purchasable","14":"product-type-simple"},"_links":{"self":[{"href":"https:\/\/www.polskismak.nl\/index.php\/wp-json\/wp\/v2\/product\/12145","targetHints":{"allow":["GET"]}}],"collection":[{"href":"https:\/\/www.polskismak.nl\/index.php\/wp-json\/wp\/v2\/product"}],"about":[{"href":"https:\/\/www.polskismak.nl\/index.php\/wp-json\/wp\/v2\/types\/product"}],"wp:featuredmedia":[{"embeddable":true,"href":"https:\/\/www.polskismak.nl\/index.php\/wp-json\/wp\/v2\/media\/11879"}],"wp:attachment":[{"href":"https:\/\/www.polskismak.nl\/index.php\/wp-json\/wp\/v2\/media?parent=12145"}],"wp:term":[{"taxonomy":"product_brand","embeddable":true,"href":"https:\/\/www.polskismak.nl\/index.php\/wp-json\/wp\/v2\/product_brand?post=12145"},{"taxonomy":"product_cat","embeddable":true,"href":"https:\/\/www.polskismak.nl\/index.php\/wp-json\/wp\/v2\/product_cat?post=12145"},{"taxonomy":"product_tag","embeddable":true,"href":"https:\/\/www.polskismak.nl\/index.php\/wp-json\/wp\/v2\/product_tag?post=12145"}],"curies":[{"name":"wp","href":"https:\/\/api.w.org\/{rel}","templated":true}]}}