{"id":12147,"date":"2024-09-25T11:54:00","date_gmt":"2024-09-25T11:54:00","guid":{"rendered":"https:\/\/www.polskismak.nl\/?post_type=product&#038;p=12147"},"modified":"2025-10-01T13:33:15","modified_gmt":"2025-10-01T13:33:15","slug":"herbapol-spalanie","status":"publish","type":"product","link":"https:\/\/www.polskismak.nl\/index.php\/product\/herbapol-spalanie\/","title":{"rendered":"Herbapol Spalanie"},"content":{"rendered":"<h3>Sk\u0142adniki<\/h3>\n<p>li\u015b\u0107 pokrzywy<\/p>\n<p>ziele skrzypu<\/p>\n<p>ziele mniszka<\/p>\n<p>jab\u0142ko<\/p>\n<p>owoc dzikiej r\u00f3\u017cy<\/p>\n<p>li\u015b\u0107 mi\u0119ty pieprzowej<\/p>\n<p>morszczyn<\/p>\n<p>naturalne aromaty<\/p>\n<p>ekstrakt z owoc\u00f3w opuncji figowej<\/p>\n","protected":false},"excerpt":{"rendered":"<p>Sk\u0142adniki li\u015b\u0107 pokrzywy ziele skrzypu ziele mniszka jab\u0142ko owoc dzikiej r\u00f3\u017cy li\u015b\u0107 mi\u0119ty pieprzowej morszczyn naturalne aromaty ekstrakt z owoc\u00f3w opuncji figowej<\/p>\n","protected":false},"featured_media":11880,"template":"","meta":[],"product_brand":[],"product_cat":[152,150],"product_tag":[],"class_list":{"0":"post-12147","1":"product","2":"type-product","3":"status-publish","4":"has-post-thumbnail","6":"product_cat-herbata","7":"product_cat-kawa-i-herbata","9":"first","10":"instock","11":"taxable","12":"shipping-taxable","13":"purchasable","14":"product-type-simple"},"_links":{"self":[{"href":"https:\/\/www.polskismak.nl\/index.php\/wp-json\/wp\/v2\/product\/12147","targetHints":{"allow":["GET"]}}],"collection":[{"href":"https:\/\/www.polskismak.nl\/index.php\/wp-json\/wp\/v2\/product"}],"about":[{"href":"https:\/\/www.polskismak.nl\/index.php\/wp-json\/wp\/v2\/types\/product"}],"wp:featuredmedia":[{"embeddable":true,"href":"https:\/\/www.polskismak.nl\/index.php\/wp-json\/wp\/v2\/media\/11880"}],"wp:attachment":[{"href":"https:\/\/www.polskismak.nl\/index.php\/wp-json\/wp\/v2\/media?parent=12147"}],"wp:term":[{"taxonomy":"product_brand","embeddable":true,"href":"https:\/\/www.polskismak.nl\/index.php\/wp-json\/wp\/v2\/product_brand?post=12147"},{"taxonomy":"product_cat","embeddable":true,"href":"https:\/\/www.polskismak.nl\/index.php\/wp-json\/wp\/v2\/product_cat?post=12147"},{"taxonomy":"product_tag","embeddable":true,"href":"https:\/\/www.polskismak.nl\/index.php\/wp-json\/wp\/v2\/product_tag?post=12147"}],"curies":[{"name":"wp","href":"https:\/\/api.w.org\/{rel}","templated":true}]}}