{"id":12151,"date":"2024-09-25T11:58:33","date_gmt":"2024-09-25T11:58:33","guid":{"rendered":"https:\/\/www.polskismak.nl\/?post_type=product&#038;p=12151"},"modified":"2025-10-01T13:33:01","modified_gmt":"2025-10-01T13:33:01","slug":"xenna-na-zaparcia","status":"publish","type":"product","link":"https:\/\/www.polskismak.nl\/index.php\/product\/xenna-na-zaparcia\/","title":{"rendered":"Xenna na zaparcia"},"content":{"rendered":"<h2>Sk\u0142ad<\/h2>\n<p>&nbsp;<\/p>\n<p>Substancj\u0105 czynn\u0105 jest li\u015b\u0107 senesu (<em>Sennae folium<\/em>).<\/p>\n<p>1 saszetka zawiera 0,9-1,1 g\u00a0<em>Cassia angustifolia Vahl folium<\/em>\u00a0i\/lub\u00a0<em>Cassia senna L. folium<\/em>\u00a0(li\u015b\u0107 senesu), co odpowiada 30 mg zwi\u0105zk\u00f3w antranoidowych w przeliczeniu na sennozyd B.<\/p>\n","protected":false},"excerpt":{"rendered":"<p>Sk\u0142ad &nbsp; Substancj\u0105 czynn\u0105 jest li\u015b\u0107 senesu (Sennae folium). 1 saszetka zawiera 0,9-1,1 g\u00a0Cassia angustifolia Vahl folium\u00a0i\/lub\u00a0Cassia senna L. folium\u00a0(li\u015b\u0107 senesu), co odpowiada 30 mg zwi\u0105zk\u00f3w antranoidowych w przeliczeniu na sennozyd B.<\/p>\n","protected":false},"featured_media":11883,"template":"","meta":[],"product_brand":[],"product_cat":[152,150],"product_tag":[],"class_list":{"0":"post-12151","1":"product","2":"type-product","3":"status-publish","4":"has-post-thumbnail","6":"product_cat-herbata","7":"product_cat-kawa-i-herbata","9":"first","10":"onbackorder","11":"taxable","12":"shipping-taxable","13":"purchasable","14":"product-type-simple"},"_links":{"self":[{"href":"https:\/\/www.polskismak.nl\/index.php\/wp-json\/wp\/v2\/product\/12151","targetHints":{"allow":["GET"]}}],"collection":[{"href":"https:\/\/www.polskismak.nl\/index.php\/wp-json\/wp\/v2\/product"}],"about":[{"href":"https:\/\/www.polskismak.nl\/index.php\/wp-json\/wp\/v2\/types\/product"}],"wp:featuredmedia":[{"embeddable":true,"href":"https:\/\/www.polskismak.nl\/index.php\/wp-json\/wp\/v2\/media\/11883"}],"wp:attachment":[{"href":"https:\/\/www.polskismak.nl\/index.php\/wp-json\/wp\/v2\/media?parent=12151"}],"wp:term":[{"taxonomy":"product_brand","embeddable":true,"href":"https:\/\/www.polskismak.nl\/index.php\/wp-json\/wp\/v2\/product_brand?post=12151"},{"taxonomy":"product_cat","embeddable":true,"href":"https:\/\/www.polskismak.nl\/index.php\/wp-json\/wp\/v2\/product_cat?post=12151"},{"taxonomy":"product_tag","embeddable":true,"href":"https:\/\/www.polskismak.nl\/index.php\/wp-json\/wp\/v2\/product_tag?post=12151"}],"curies":[{"name":"wp","href":"https:\/\/api.w.org\/{rel}","templated":true}]}}