{"id":12157,"date":"2024-09-25T12:08:27","date_gmt":"2024-09-25T12:08:27","guid":{"rendered":"https:\/\/www.polskismak.nl\/?post_type=product&#038;p=12157"},"modified":"2025-10-01T13:31:58","modified_gmt":"2025-10-01T13:31:58","slug":"biofix-herbata-malinowa","status":"publish","type":"product","link":"https:\/\/www.polskismak.nl\/index.php\/product\/biofix-herbata-malinowa\/","title":{"rendered":"Biofix herbata malinowa"},"content":{"rendered":"<p>Sk\u0142adniki:\u00a0<b>owoce maliny, kwiat hibiskusa, owoce aronii, jab\u0142ko, owoce czarnej porzeczki, korze\u0144 lukrecji, aromaty, zag\u0119szczony sok z aronii, regulator kwasowo\u015bci &#8211; kwas cytrynowy<\/b>.<\/p>\n","protected":false},"excerpt":{"rendered":"<p>Sk\u0142adniki:\u00a0owoce maliny, kwiat hibiskusa, owoce aronii, jab\u0142ko, owoce czarnej porzeczki, korze\u0144 lukrecji, aromaty, zag\u0119szczony sok z aronii, regulator kwasowo\u015bci &#8211; kwas cytrynowy.<\/p>\n","protected":false},"featured_media":11888,"template":"","meta":[],"product_brand":[],"product_cat":[152,150],"product_tag":[],"class_list":{"0":"post-12157","1":"product","2":"type-product","3":"status-publish","4":"has-post-thumbnail","6":"product_cat-herbata","7":"product_cat-kawa-i-herbata","9":"first","10":"instock","11":"taxable","12":"shipping-taxable","13":"purchasable","14":"product-type-simple"},"_links":{"self":[{"href":"https:\/\/www.polskismak.nl\/index.php\/wp-json\/wp\/v2\/product\/12157","targetHints":{"allow":["GET"]}}],"collection":[{"href":"https:\/\/www.polskismak.nl\/index.php\/wp-json\/wp\/v2\/product"}],"about":[{"href":"https:\/\/www.polskismak.nl\/index.php\/wp-json\/wp\/v2\/types\/product"}],"wp:featuredmedia":[{"embeddable":true,"href":"https:\/\/www.polskismak.nl\/index.php\/wp-json\/wp\/v2\/media\/11888"}],"wp:attachment":[{"href":"https:\/\/www.polskismak.nl\/index.php\/wp-json\/wp\/v2\/media?parent=12157"}],"wp:term":[{"taxonomy":"product_brand","embeddable":true,"href":"https:\/\/www.polskismak.nl\/index.php\/wp-json\/wp\/v2\/product_brand?post=12157"},{"taxonomy":"product_cat","embeddable":true,"href":"https:\/\/www.polskismak.nl\/index.php\/wp-json\/wp\/v2\/product_cat?post=12157"},{"taxonomy":"product_tag","embeddable":true,"href":"https:\/\/www.polskismak.nl\/index.php\/wp-json\/wp\/v2\/product_tag?post=12157"}],"curies":[{"name":"wp","href":"https:\/\/api.w.org\/{rel}","templated":true}]}}