{"id":12159,"date":"2024-09-25T12:13:40","date_gmt":"2024-09-25T12:13:40","guid":{"rendered":"https:\/\/www.polskismak.nl\/?post_type=product&#038;p=12159"},"modified":"2025-10-01T13:31:18","modified_gmt":"2025-10-01T13:31:18","slug":"teekane-winter-time","status":"publish","type":"product","link":"https:\/\/www.polskismak.nl\/index.php\/product\/teekane-winter-time\/","title":{"rendered":"Teekane winter time"},"content":{"rendered":"<p>Sk\u0142ad: <b>Jab\u0142ko, hibiskus, owoc dzikiej r\u00f3\u017cy, sk\u00f3rka pomara\u0144czy, aromat cynamonowy (7%), cynamon, aromat herbatnik\u00f3w migda\u0142owych<\/b><\/p>\n","protected":false},"excerpt":{"rendered":"<p>Sk\u0142ad: Jab\u0142ko, hibiskus, owoc dzikiej r\u00f3\u017cy, sk\u00f3rka pomara\u0144czy, aromat cynamonowy (7%), cynamon, aromat herbatnik\u00f3w migda\u0142owych<\/p>\n","protected":false},"featured_media":11889,"template":"","meta":[],"product_brand":[],"product_cat":[152,150],"product_tag":[],"class_list":{"0":"post-12159","1":"product","2":"type-product","3":"status-publish","4":"has-post-thumbnail","6":"product_cat-herbata","7":"product_cat-kawa-i-herbata","9":"first","10":"instock","11":"taxable","12":"shipping-taxable","13":"purchasable","14":"product-type-simple"},"_links":{"self":[{"href":"https:\/\/www.polskismak.nl\/index.php\/wp-json\/wp\/v2\/product\/12159","targetHints":{"allow":["GET"]}}],"collection":[{"href":"https:\/\/www.polskismak.nl\/index.php\/wp-json\/wp\/v2\/product"}],"about":[{"href":"https:\/\/www.polskismak.nl\/index.php\/wp-json\/wp\/v2\/types\/product"}],"wp:featuredmedia":[{"embeddable":true,"href":"https:\/\/www.polskismak.nl\/index.php\/wp-json\/wp\/v2\/media\/11889"}],"wp:attachment":[{"href":"https:\/\/www.polskismak.nl\/index.php\/wp-json\/wp\/v2\/media?parent=12159"}],"wp:term":[{"taxonomy":"product_brand","embeddable":true,"href":"https:\/\/www.polskismak.nl\/index.php\/wp-json\/wp\/v2\/product_brand?post=12159"},{"taxonomy":"product_cat","embeddable":true,"href":"https:\/\/www.polskismak.nl\/index.php\/wp-json\/wp\/v2\/product_cat?post=12159"},{"taxonomy":"product_tag","embeddable":true,"href":"https:\/\/www.polskismak.nl\/index.php\/wp-json\/wp\/v2\/product_tag?post=12159"}],"curies":[{"name":"wp","href":"https:\/\/api.w.org\/{rel}","templated":true}]}}