{"id":12162,"date":"2024-09-25T12:19:26","date_gmt":"2024-09-25T12:19:26","guid":{"rendered":"https:\/\/www.polskismak.nl\/?post_type=product&#038;p=12162"},"modified":"2025-10-01T13:30:16","modified_gmt":"2025-10-01T13:30:16","slug":"ziola-mnicha-na-cholesterol","status":"publish","type":"product","link":"https:\/\/www.polskismak.nl\/index.php\/product\/ziola-mnicha-na-cholesterol\/","title":{"rendered":"Zio\u0142a Mnicha na cholesterol"},"content":{"rendered":"<p>Sk\u0142ad: li\u015b\u0107 <b>mi\u0119ty pieprzowej (30%), nasiona lnu, owoc g\u0142ogu (17%), kwiat hibiskusa, li\u015b\u0107 karczocha (7,5%), owoc dzikiej r\u00f3\u017cy, aromat<\/b><\/p>\n","protected":false},"excerpt":{"rendered":"<p>Sk\u0142ad: li\u015b\u0107 mi\u0119ty pieprzowej (30%), nasiona lnu, owoc g\u0142ogu (17%), kwiat hibiskusa, li\u015b\u0107 karczocha (7,5%), owoc dzikiej r\u00f3\u017cy, aromat<\/p>\n","protected":false},"featured_media":11891,"template":"","meta":[],"product_brand":[],"product_cat":[152,150],"product_tag":[],"class_list":{"0":"post-12162","1":"product","2":"type-product","3":"status-publish","4":"has-post-thumbnail","6":"product_cat-herbata","7":"product_cat-kawa-i-herbata","9":"first","10":"onbackorder","11":"taxable","12":"shipping-taxable","13":"purchasable","14":"product-type-simple"},"_links":{"self":[{"href":"https:\/\/www.polskismak.nl\/index.php\/wp-json\/wp\/v2\/product\/12162","targetHints":{"allow":["GET"]}}],"collection":[{"href":"https:\/\/www.polskismak.nl\/index.php\/wp-json\/wp\/v2\/product"}],"about":[{"href":"https:\/\/www.polskismak.nl\/index.php\/wp-json\/wp\/v2\/types\/product"}],"wp:featuredmedia":[{"embeddable":true,"href":"https:\/\/www.polskismak.nl\/index.php\/wp-json\/wp\/v2\/media\/11891"}],"wp:attachment":[{"href":"https:\/\/www.polskismak.nl\/index.php\/wp-json\/wp\/v2\/media?parent=12162"}],"wp:term":[{"taxonomy":"product_brand","embeddable":true,"href":"https:\/\/www.polskismak.nl\/index.php\/wp-json\/wp\/v2\/product_brand?post=12162"},{"taxonomy":"product_cat","embeddable":true,"href":"https:\/\/www.polskismak.nl\/index.php\/wp-json\/wp\/v2\/product_cat?post=12162"},{"taxonomy":"product_tag","embeddable":true,"href":"https:\/\/www.polskismak.nl\/index.php\/wp-json\/wp\/v2\/product_tag?post=12162"}],"curies":[{"name":"wp","href":"https:\/\/api.w.org\/{rel}","templated":true}]}}