{"id":12209,"date":"2024-09-25T14:31:43","date_gmt":"2024-09-25T14:31:43","guid":{"rendered":"https:\/\/www.polskismak.nl\/?post_type=product&#038;p=12209"},"modified":"2025-10-01T13:25:36","modified_gmt":"2025-10-01T13:25:36","slug":"miod-gryczany","status":"publish","type":"product","link":"https:\/\/www.polskismak.nl\/index.php\/product\/miod-gryczany\/","title":{"rendered":"Mi\u00f3d gryczany"},"content":{"rendered":"<p>Sk\u0142ad: mi\u00f3d gryczany<\/p>\n","protected":false},"excerpt":{"rendered":"<p>Sk\u0142ad: mi\u00f3d gryczany<\/p>\n","protected":false},"featured_media":11959,"template":"","meta":[],"product_brand":[],"product_cat":[127,126],"product_tag":[],"class_list":{"0":"post-12209","1":"product","2":"type-product","3":"status-publish","4":"has-post-thumbnail","6":"product_cat-miody","7":"product_cat-slodkie-przetwory","9":"first","10":"instock","11":"taxable","12":"shipping-taxable","13":"purchasable","14":"product-type-simple"},"_links":{"self":[{"href":"https:\/\/www.polskismak.nl\/index.php\/wp-json\/wp\/v2\/product\/12209","targetHints":{"allow":["GET"]}}],"collection":[{"href":"https:\/\/www.polskismak.nl\/index.php\/wp-json\/wp\/v2\/product"}],"about":[{"href":"https:\/\/www.polskismak.nl\/index.php\/wp-json\/wp\/v2\/types\/product"}],"wp:featuredmedia":[{"embeddable":true,"href":"https:\/\/www.polskismak.nl\/index.php\/wp-json\/wp\/v2\/media\/11959"}],"wp:attachment":[{"href":"https:\/\/www.polskismak.nl\/index.php\/wp-json\/wp\/v2\/media?parent=12209"}],"wp:term":[{"taxonomy":"product_brand","embeddable":true,"href":"https:\/\/www.polskismak.nl\/index.php\/wp-json\/wp\/v2\/product_brand?post=12209"},{"taxonomy":"product_cat","embeddable":true,"href":"https:\/\/www.polskismak.nl\/index.php\/wp-json\/wp\/v2\/product_cat?post=12209"},{"taxonomy":"product_tag","embeddable":true,"href":"https:\/\/www.polskismak.nl\/index.php\/wp-json\/wp\/v2\/product_tag?post=12209"}],"curies":[{"name":"wp","href":"https:\/\/api.w.org\/{rel}","templated":true}]}}