{"id":12211,"date":"2024-09-25T14:32:48","date_gmt":"2024-09-25T14:32:48","guid":{"rendered":"https:\/\/www.polskismak.nl\/?post_type=product&#038;p=12211"},"modified":"2025-10-01T13:25:16","modified_gmt":"2025-10-01T13:25:16","slug":"miod-lipowy","status":"publish","type":"product","link":"https:\/\/www.polskismak.nl\/index.php\/product\/miod-lipowy\/","title":{"rendered":"Mi\u00f3d lipowy"},"content":{"rendered":"<p>Sk\u0142ad: mi\u00f3d lipowy<\/p>\n","protected":false},"excerpt":{"rendered":"<p>Sk\u0142ad: mi\u00f3d lipowy<\/p>\n","protected":false},"featured_media":11960,"template":"","meta":[],"product_brand":[],"product_cat":[127,126],"product_tag":[],"class_list":{"0":"post-12211","1":"product","2":"type-product","3":"status-publish","4":"has-post-thumbnail","6":"product_cat-miody","7":"product_cat-slodkie-przetwory","9":"first","10":"instock","11":"taxable","12":"shipping-taxable","13":"purchasable","14":"product-type-simple"},"_links":{"self":[{"href":"https:\/\/www.polskismak.nl\/index.php\/wp-json\/wp\/v2\/product\/12211","targetHints":{"allow":["GET"]}}],"collection":[{"href":"https:\/\/www.polskismak.nl\/index.php\/wp-json\/wp\/v2\/product"}],"about":[{"href":"https:\/\/www.polskismak.nl\/index.php\/wp-json\/wp\/v2\/types\/product"}],"wp:featuredmedia":[{"embeddable":true,"href":"https:\/\/www.polskismak.nl\/index.php\/wp-json\/wp\/v2\/media\/11960"}],"wp:attachment":[{"href":"https:\/\/www.polskismak.nl\/index.php\/wp-json\/wp\/v2\/media?parent=12211"}],"wp:term":[{"taxonomy":"product_brand","embeddable":true,"href":"https:\/\/www.polskismak.nl\/index.php\/wp-json\/wp\/v2\/product_brand?post=12211"},{"taxonomy":"product_cat","embeddable":true,"href":"https:\/\/www.polskismak.nl\/index.php\/wp-json\/wp\/v2\/product_cat?post=12211"},{"taxonomy":"product_tag","embeddable":true,"href":"https:\/\/www.polskismak.nl\/index.php\/wp-json\/wp\/v2\/product_tag?post=12211"}],"curies":[{"name":"wp","href":"https:\/\/api.w.org\/{rel}","templated":true}]}}